{"id":1769,"date":"2026-01-09T12:09:59","date_gmt":"2026-01-09T11:09:59","guid":{"rendered":"https:\/\/www.grupfruiter.com\/?page_id=1769"},"modified":"2026-01-20T09:40:49","modified_gmt":"2026-01-20T08:40:49","slug":"return","status":"publish","type":"page","link":"https:\/\/www.grupfruiter.com\/en\/devolucio\/","title":{"rendered":"Conditions of Sale and Returns"},"content":{"rendered":"\n[et_pb_section fb_built=&#8221;1&#8243; _builder_version=&#8221;4.27.4&#8243; _module_preset=&#8221;default&#8221; global_colors_info=&#8221;{}&#8221; theme_builder_area=&#8221;post_content&#8221;][et_pb_row _builder_version=&#8221;4.27.4&#8243; _module_preset=&#8221;default&#8221; global_colors_info=&#8221;{}&#8221; theme_builder_area=&#8221;post_content&#8221;][et_pb_column type=&#8221;4_4&#8243; _builder_version=&#8221;4.27.4&#8243; _module_preset=&#8221;default&#8221; global_colors_info=&#8221;{}&#8221; theme_builder_area=&#8221;post_content&#8221;][et_pb_text _builder_version=&#8221;4.27.4&#8243; _module_preset=&#8221;default&#8221; hover_enabled=&#8221;0&#8243; global_colors_info=&#8221;{}&#8221; theme_builder_area=&#8221;post_content&#8221; sticky_enabled=&#8221;0&#8243;]<p>Benvingut a la botiga online de\u00a0<b>GRUP FRUITER<\/b>. La compra dels nostres productes implica l&#8217;acceptaci\u00f3 de les seg\u00fcents condicions. Et recomanem llegir-les detingudament.<\/p>\n<hr style=\"color: #000000;\" \/>\n<h2>1. Condicions de Venda<\/h2>\n<h3>1.1. Edat Legal de Compra<\/h3>\n<p>Per adquirir els nostres vins, has de tenir l&#8217;edat legal per comprar i consumir alcohol segons la legislaci\u00f3 del teu pa\u00eds (a Espanya,\u00a0<b>18 anys<\/b>). En realitzar una comanda, confirmes que compleixes aquest requisit. Ens reservem el dret de demanar verificaci\u00f3 d&#8217;edat en qualsevol moment.<\/p>\n<h3>1.2. Preus i Impostos<\/h3>\n<p>Tots els preus mostrats a la web inclouen l&#8217;IVA corresponent. Els preus s\u00f3n v\u00e0lids excepte per error tipogr\u00e0fic evident. Les despeses d&#8217;enviament no estan incloses i es calcularan en el moment de finalitzar la compra segons el dest\u00ed i el pes.<\/p>\n<h3>1.3. Disponibilitat<\/h3>\n<p>El vi \u00e9s un producte d&#8217;anyades limitades. Si en el moment de la preparaci\u00f3 no dispos\u00e9ssim de l&#8217;anyada seleccionada, ens posarem en contacte amb tu per oferir-te el canvi per l&#8217;anyada corrent o la cancel\u00b7laci\u00f3 de l&#8217;article.<\/p>\n<hr style=\"color: #000000;\" \/>\n<h2>2. Enviament i Lliurament<\/h2>\n<ul>\n<li><b>Terminis:<\/b>\u00a0Les comandes solen lliurar-se en un termini de\u00a0<b>[24-72] hores<\/b>\u00a0laborables (Pen\u00ednsula).<\/li>\n<li><b>Embalatge segur:<\/b>\u00a0Utilitzem caixes protectores dissenyades espec\u00edficament per al transport d&#8217;ampolles per minimitzar el risc de trencament.<\/li>\n<li><b>Recepci\u00f3 de la mercaderia:<\/b>\u00a0\u00c9s responsabilitat del client revisar que el paquet estigui tancat i sense signes de trencament. Si detectes taques de vi a la caixa,\u00a0<b>no acceptis el paquet<\/b>\u00a0i fes-ho constar a l&#8217;albar\u00e0 del transportista.<\/li>\n<\/ul>\n<hr style=\"color: #000000;\" \/>\n<h2>3. Pol\u00edtica de Devolucions i Desistiment<\/h2>\n<h3>3.1. Dret de Desistiment<\/h3>\n<p>Tens dret a retornar la teva comanda sense necessitat de justificaci\u00f3 en un termini de\u00a0<b>14 dies naturals<\/b>\u00a0des de la recepci\u00f3.<\/p>\n<ul>\n<li><b>Requisit:<\/b>\u00a0Les ampolles han de retornar-se sense obrir, amb el precinte original intacte i en el seu embalatge protector.<\/li>\n<li><b>Costos:<\/b>\u00a0En cas de desistiment, el client assumir\u00e0 les despeses de transport de la devoluci\u00f3.<\/li>\n<\/ul>\n<h3>3.2. Productes Defectuosos o Errors<\/h3>\n<p>Si reps un producte equivocat o una ampolla arriba trencada, el\u00a0<b>GRUP FRUITER\u00a0<\/b>es far\u00e0 c\u00e0rrec de la recollida i la substituci\u00f3 sense cap cost per a tu. Si us plau, contacta amb nosaltres en un termini de\u00a0<b>48 hores<\/b>\u00a0des de la recepci\u00f3.<\/p>\n<h3>4. M\u00e8todes de Pagament<\/h3>\n<p>Acceptem els seg\u00fcents m\u00e8todes de pagament segurs:<\/p>\n<ul>\n<li>Targeta de cr\u00e8dit\/d\u00e8bit (Visa, Mastercard).<\/li>\n<li>Transfer\u00e8ncia banc\u00e0ria.<\/li>\n<\/ul>\n<hr style=\"color: #000000;\" \/>\n<h2>5. Atenci\u00f3 al Client<\/h2>\n<p>Per a qualsevol dubte sobre la teva comanda, pots contactar-nos a:<\/p>\n<ul>\n<li><b>Email:<\/b>\u00a0<a href=\"mailto:agrobotiga@grupfruiter.com\" rel=\"noopener\" style=\"box-sizing: border-box; margin: 0px; padding: 0px; border: 0px; outline: 0px; vertical-align: baseline; background-color: rgba(109,142,37,0.2); text-decoration: none; font-family: 'Libre Franklin',Helvetica,Arial,Lucida,sans-serif; font-variant-ligatures: normal; font-weight: bold; color: #3e6432!important;\" target=\"_blank\">agrobotiga@grupfruiter.<wbr \/>com<\/a><\/li>\n<li><b>Tel\u00e8fon \/ WhatsApp: \u00a0\u00a0<\/b><span style=\"color: #3e6432; font-family: 'Libre Franklin',Helvetica,Arial,Lucida,sans-serif; font-weight: bold; background-color: rgba(109,142,37,0.2);\"><span dir=\"ltr\">977 40 71 05<\/span><\/span><\/li>\n<li><b>Horari: \u00a0 \u00a0\u00a0<\/b><span style=\"color: #3e6432; font-family: 'Libre Franklin',Helvetica,Arial,Lucida,sans-serif; font-weight: bold; background-color: rgba(109,142,37,0.2);\">De dilluns a divendres de 9:00 \u2013 13:00 i\u00a0<span dir=\"ltr\">de 16:00<\/span>\u00a0\u2013 19:00.\u00a0<\/span><\/li>\n<\/ul>[\/et_pb_text][\/et_pb_column][\/et_pb_row][\/et_pb_section]\n","protected":false},"excerpt":{"rendered":"<p>Benvingut a la botiga online de\u00a0GRUP FRUITER. La compra dels nostres productes implica l&#8217;acceptaci\u00f3 de les seg\u00fcents condicions. Et recomanem llegir-les detingudament. 1. Condicions de Venda 1.1. Edat Legal de Compra Per adquirir els nostres vins, has de tenir l&#8217;edat legal per comprar i consumir alcohol segons la legislaci\u00f3 del teu pa\u00eds (a Espanya,\u00a018 anys). [&hellip;]<\/p>\n","protected":false},"author":2,"featured_media":0,"parent":0,"menu_order":0,"comment_status":"closed","ping_status":"closed","template":"","meta":{"_et_pb_use_builder":"on","_et_pb_old_content":"","_et_gb_content_width":"","footnotes":""},"class_list":["post-1769","page","type-page","status-publish","hentry"],"yoast_head":"<!-- This site is optimized with the Yoast SEO plugin v27.1.1 - https:\/\/yoast.com\/product\/yoast-seo-wordpress\/ -->\n<title>Condicions de Venda i Devoluci\u00f3 - Grup Fruiter Benissanet<\/title>\n<meta name=\"description\" content=\"Condicions de Venda i Devoluci\u00f3. Per adquirir els nostres vins, has de tenir l\u2019edat legal per comprar i consumir alcohol segons...\" \/>\n<meta name=\"robots\" content=\"index, follow, max-snippet:-1, max-image-preview:large, max-video-preview:-1\" \/>\n<link rel=\"canonical\" href=\"https:\/\/www.grupfruiter.com\/en\/return\/\" \/>\n<meta property=\"og:locale\" content=\"en_GB\" \/>\n<meta property=\"og:type\" content=\"article\" \/>\n<meta property=\"og:title\" content=\"Condicions de Venda i Devoluci\u00f3 - Grup Fruiter Benissanet\" \/>\n<meta property=\"og:description\" content=\"Condicions de Venda i Devoluci\u00f3. Per adquirir els nostres vins, has de tenir l\u2019edat legal per comprar i consumir alcohol segons...\" \/>\n<meta property=\"og:url\" content=\"https:\/\/www.grupfruiter.com\/en\/return\/\" \/>\n<meta property=\"og:site_name\" content=\"Grup Fruiter Benissanet\" \/>\n<meta property=\"article:modified_time\" content=\"2026-01-20T08:40:49+00:00\" \/>\n<meta name=\"twitter:card\" content=\"summary_large_image\" \/>\n<meta name=\"twitter:label1\" content=\"Estimated reading time\" \/>\n\t<meta name=\"twitter:data1\" content=\"3 minutes\" \/>\n<script type=\"application\/ld+json\" class=\"yoast-schema-graph\">{\"@context\":\"https:\/\/schema.org\",\"@graph\":[{\"@type\":\"WebPage\",\"@id\":\"https:\/\/www.grupfruiter.com\/devolucio\/\",\"url\":\"https:\/\/www.grupfruiter.com\/devolucio\/\",\"name\":\"Condicions de Venda i Devoluci\u00f3 - Grup Fruiter Benissanet\",\"isPartOf\":{\"@id\":\"https:\/\/www.grupfruiter.com\/#website\"},\"datePublished\":\"2026-01-09T11:09:59+00:00\",\"dateModified\":\"2026-01-20T08:40:49+00:00\",\"description\":\"Condicions de Venda i Devoluci\u00f3. Per adquirir els nostres vins, has de tenir l\u2019edat legal per comprar i consumir alcohol segons...\",\"breadcrumb\":{\"@id\":\"https:\/\/www.grupfruiter.com\/devolucio\/#breadcrumb\"},\"inLanguage\":\"en-GB\",\"potentialAction\":[{\"@type\":\"ReadAction\",\"target\":[\"https:\/\/www.grupfruiter.com\/devolucio\/\"]}]},{\"@type\":\"BreadcrumbList\",\"@id\":\"https:\/\/www.grupfruiter.com\/devolucio\/#breadcrumb\",\"itemListElement\":[{\"@type\":\"ListItem\",\"position\":1,\"name\":\"Inici\",\"item\":\"https:\/\/www.grupfruiter.com\/\"},{\"@type\":\"ListItem\",\"position\":2,\"name\":\"Condicions de Venda i Devoluci\u00f3\"}]},{\"@type\":\"WebSite\",\"@id\":\"https:\/\/www.grupfruiter.com\/#website\",\"url\":\"https:\/\/www.grupfruiter.com\/\",\"name\":\"Grup Fruiter Benissanet\",\"description\":\"Producci\u00f3 de fruita dol\u00e7a\",\"potentialAction\":[{\"@type\":\"SearchAction\",\"target\":{\"@type\":\"EntryPoint\",\"urlTemplate\":\"https:\/\/www.grupfruiter.com\/?s={search_term_string}\"},\"query-input\":{\"@type\":\"PropertyValueSpecification\",\"valueRequired\":true,\"valueName\":\"search_term_string\"}}],\"inLanguage\":\"en-GB\"}]}<\/script>\n<!-- \/ Yoast SEO plugin. -->","yoast_head_json":{"title":"Conditions of Sale and Returns - Grup Fruiter Benissanet","description":"Conditions of Sale and Returns. To purchase our wines, you must be of legal age to purchase and consume alcohol according to...","robots":{"index":"index","follow":"follow","max-snippet":"max-snippet:-1","max-image-preview":"max-image-preview:large","max-video-preview":"max-video-preview:-1"},"canonical":"https:\/\/www.grupfruiter.com\/en\/return\/","og_locale":"en_GB","og_type":"article","og_title":"Condicions de Venda i Devoluci\u00f3 - Grup Fruiter Benissanet","og_description":"Condicions de Venda i Devoluci\u00f3. Per adquirir els nostres vins, has de tenir l\u2019edat legal per comprar i consumir alcohol segons...","og_url":"https:\/\/www.grupfruiter.com\/en\/return\/","og_site_name":"Grup Fruiter Benissanet","article_modified_time":"2026-01-20T08:40:49+00:00","twitter_card":"summary_large_image","twitter_misc":{"Estimated reading time":"3 minutes"},"schema":{"@context":"https:\/\/schema.org","@graph":[{"@type":"WebPage","@id":"https:\/\/www.grupfruiter.com\/devolucio\/","url":"https:\/\/www.grupfruiter.com\/devolucio\/","name":"Conditions of Sale and Returns - Grup Fruiter Benissanet","isPartOf":{"@id":"https:\/\/www.grupfruiter.com\/#website"},"datePublished":"2026-01-09T11:09:59+00:00","dateModified":"2026-01-20T08:40:49+00:00","description":"Conditions of Sale and Returns. To purchase our wines, you must be of legal age to purchase and consume alcohol according to...","breadcrumb":{"@id":"https:\/\/www.grupfruiter.com\/devolucio\/#breadcrumb"},"inLanguage":"en-GB","potentialAction":[{"@type":"ReadAction","target":["https:\/\/www.grupfruiter.com\/devolucio\/"]}]},{"@type":"BreadcrumbList","@id":"https:\/\/www.grupfruiter.com\/devolucio\/#breadcrumb","itemListElement":[{"@type":"ListItem","position":1,"name":"Inici","item":"https:\/\/www.grupfruiter.com\/"},{"@type":"ListItem","position":2,"name":"Condicions de Venda i Devoluci\u00f3"}]},{"@type":"WebSite","@id":"https:\/\/www.grupfruiter.com\/#website","url":"https:\/\/www.grupfruiter.com\/","name":"Benissanet Fruit Group","description":"Sweet fruit production","potentialAction":[{"@type":"SearchAction","target":{"@type":"EntryPoint","urlTemplate":"https:\/\/www.grupfruiter.com\/?s={search_term_string}"},"query-input":{"@type":"PropertyValueSpecification","valueRequired":true,"valueName":"search_term_string"}}],"inLanguage":"en-GB"}]}},"_links":{"self":[{"href":"https:\/\/www.grupfruiter.com\/en\/wp-json\/wp\/v2\/pages\/1769","targetHints":{"allow":["GET"]}}],"collection":[{"href":"https:\/\/www.grupfruiter.com\/en\/wp-json\/wp\/v2\/pages"}],"about":[{"href":"https:\/\/www.grupfruiter.com\/en\/wp-json\/wp\/v2\/types\/page"}],"author":[{"embeddable":true,"href":"https:\/\/www.grupfruiter.com\/en\/wp-json\/wp\/v2\/users\/2"}],"replies":[{"embeddable":true,"href":"https:\/\/www.grupfruiter.com\/en\/wp-json\/wp\/v2\/comments?post=1769"}],"version-history":[{"count":6,"href":"https:\/\/www.grupfruiter.com\/en\/wp-json\/wp\/v2\/pages\/1769\/revisions"}],"predecessor-version":[{"id":1788,"href":"https:\/\/www.grupfruiter.com\/en\/wp-json\/wp\/v2\/pages\/1769\/revisions\/1788"}],"wp:attachment":[{"href":"https:\/\/www.grupfruiter.com\/en\/wp-json\/wp\/v2\/media?parent=1769"}],"curies":[{"name":"wp","href":"https:\/\/api.w.org\/{rel}","templated":true}]}}