{"id":1112,"date":"2025-02-07T12:34:29","date_gmt":"2025-02-07T11:34:29","guid":{"rendered":"https:\/\/www.grupfruiter.com\/?post_type=product&#038;p=1112"},"modified":"2026-03-09T12:28:05","modified_gmt":"2026-03-09T11:28:05","slug":"vermouth-soda-75cl","status":"publish","type":"product","link":"https:\/\/www.grupfruiter.com\/en\/producte\/refresc-de-vermut-75cl\/","title":{"rendered":"Vermouth Refreshment (75cl)"},"content":{"rendered":"","protected":false},"excerpt":{"rendered":"<p><strong>CELLAR<br \/>\n<\/strong>FRUIT GROUP<br \/>\n<strong>PREPARATION<br \/>\n<\/strong>With ros\u00e9 wine made from a blend of red varieties and white must, we will make the base of the vermouth, and we will also add the herb essences.<\/p>\n<hr \/>\n<p><strong>TASTING<br \/>\nEnnis Vermouth Refreshment<\/strong>, in this aperitif we have looked for something fresher and easier. With citrus aromas mixed with herbs, an easy and cheerful mouthfeel, designed for summer.<\/p>","protected":false},"featured_media":1109,"template":"","meta":{"_et_pb_use_builder":"","_et_pb_old_content":"","_et_gb_content_width":""},"product_brand":[],"product_cat":[25,30],"product_tag":[],"class_list":{"0":"post-1112","1":"product","2":"type-product","3":"status-publish","4":"has-post-thumbnail","6":"product_cat-celler","7":"product_cat-vermuts","9":"first","10":"outofstock","11":"taxable","12":"shipping-taxable","13":"purchasable","14":"product-type-simple"},"yoast_head":"<!-- This site is optimized with the Yoast SEO plugin v27.1.1 - https:\/\/yoast.com\/product\/yoast-seo-wordpress\/ -->\n<title>Refresc de Vermut (75cl) - Grup Fruiter Benissanet<\/title>\n<meta name=\"robots\" content=\"index, follow, max-snippet:-1, max-image-preview:large, max-video-preview:-1\" \/>\n<link rel=\"canonical\" href=\"https:\/\/www.grupfruiter.com\/en\/product-2\/vermouth-soda-75cl\/\" \/>\n<meta property=\"og:locale\" content=\"en_GB\" \/>\n<meta property=\"og:type\" content=\"article\" \/>\n<meta property=\"og:title\" content=\"Refresc de Vermut (75cl) - Grup Fruiter Benissanet\" \/>\n<meta property=\"og:description\" content=\"CELLER GRUP FRUITER ELABORACI\u00d3 Amb vi rosat de cupatge de varietats negres i amb mistela de most Blanc farem la base del vermut, tamb\u00e9 li posem les ess\u00e8ncies d&#039;herbes.    TAST Ennis Refresc de Vermut, en aquest aperitiu hem buscat una part m\u00e9s fresca i f\u00e0cil. D&#039;aromes c\u00edtriques barrejades amb les herbes, una boca f\u00e0cil i a alegre, pensada per l&#039;estiu.\" \/>\n<meta property=\"og:url\" content=\"https:\/\/www.grupfruiter.com\/en\/product-2\/vermouth-soda-75cl\/\" \/>\n<meta property=\"og:site_name\" content=\"Grup Fruiter Benissanet\" \/>\n<meta property=\"article:modified_time\" content=\"2026-03-09T11:28:05+00:00\" \/>\n<meta property=\"og:image\" content=\"https:\/\/www.grupfruiter.com\/wp-content\/uploads\/2025\/02\/Ennis-Refresc-de-Vermut.jpg\" \/>\n\t<meta property=\"og:image:width\" content=\"1217\" \/>\n\t<meta property=\"og:image:height\" content=\"1608\" \/>\n\t<meta property=\"og:image:type\" content=\"image\/jpeg\" \/>\n<meta name=\"twitter:card\" content=\"summary_large_image\" \/>\n<meta name=\"twitter:label1\" content=\"Estimated reading time\" \/>\n\t<meta name=\"twitter:data1\" content=\"1 minute\" \/>\n<script type=\"application\/ld+json\" class=\"yoast-schema-graph\">{\"@context\":\"https:\/\/schema.org\",\"@graph\":[{\"@type\":\"WebPage\",\"@id\":\"https:\/\/www.grupfruiter.com\/producte\/refresc-de-vermut-75cl\/\",\"url\":\"https:\/\/www.grupfruiter.com\/producte\/refresc-de-vermut-75cl\/\",\"name\":\"Refresc de Vermut (75cl) - Grup Fruiter Benissanet\",\"isPartOf\":{\"@id\":\"https:\/\/www.grupfruiter.com\/#website\"},\"primaryImageOfPage\":{\"@id\":\"https:\/\/www.grupfruiter.com\/producte\/refresc-de-vermut-75cl\/#primaryimage\"},\"image\":{\"@id\":\"https:\/\/www.grupfruiter.com\/producte\/refresc-de-vermut-75cl\/#primaryimage\"},\"thumbnailUrl\":\"https:\/\/www.grupfruiter.com\/wp-content\/uploads\/2025\/02\/Ennis-Refresc-de-Vermut.jpg\",\"datePublished\":\"2025-02-07T11:34:29+00:00\",\"dateModified\":\"2026-03-09T11:28:05+00:00\",\"breadcrumb\":{\"@id\":\"https:\/\/www.grupfruiter.com\/producte\/refresc-de-vermut-75cl\/#breadcrumb\"},\"inLanguage\":\"en-GB\",\"potentialAction\":[{\"@type\":\"ReadAction\",\"target\":[\"https:\/\/www.grupfruiter.com\/producte\/refresc-de-vermut-75cl\/\"]}]},{\"@type\":\"ImageObject\",\"inLanguage\":\"en-GB\",\"@id\":\"https:\/\/www.grupfruiter.com\/producte\/refresc-de-vermut-75cl\/#primaryimage\",\"url\":\"https:\/\/www.grupfruiter.com\/wp-content\/uploads\/2025\/02\/Ennis-Refresc-de-Vermut.jpg\",\"contentUrl\":\"https:\/\/www.grupfruiter.com\/wp-content\/uploads\/2025\/02\/Ennis-Refresc-de-Vermut.jpg\",\"width\":1217,\"height\":1608,\"caption\":\"Etiqueta d'Ennis Refresc de Vermut.\"},{\"@type\":\"BreadcrumbList\",\"@id\":\"https:\/\/www.grupfruiter.com\/producte\/refresc-de-vermut-75cl\/#breadcrumb\",\"itemListElement\":[{\"@type\":\"ListItem\",\"position\":1,\"name\":\"Inici\",\"item\":\"https:\/\/www.grupfruiter.com\/\"},{\"@type\":\"ListItem\",\"position\":2,\"name\":\"Botiga\",\"item\":\"https:\/\/www.grupfruiter.com\/botiga\/\"},{\"@type\":\"ListItem\",\"position\":3,\"name\":\"Refresc de Vermut (75cl)\"}]},{\"@type\":\"WebSite\",\"@id\":\"https:\/\/www.grupfruiter.com\/#website\",\"url\":\"https:\/\/www.grupfruiter.com\/\",\"name\":\"Grup Fruiter Benissanet\",\"description\":\"Producci\u00f3 de fruita dol\u00e7a\",\"potentialAction\":[{\"@type\":\"SearchAction\",\"target\":{\"@type\":\"EntryPoint\",\"urlTemplate\":\"https:\/\/www.grupfruiter.com\/?s={search_term_string}\"},\"query-input\":{\"@type\":\"PropertyValueSpecification\",\"valueRequired\":true,\"valueName\":\"search_term_string\"}}],\"inLanguage\":\"en-GB\"}]}<\/script>\n<!-- \/ Yoast SEO plugin. -->","yoast_head_json":{"title":"Vermouth Refreshment (75cl) - Grup Fruiter Benissanet","robots":{"index":"index","follow":"follow","max-snippet":"max-snippet:-1","max-image-preview":"max-image-preview:large","max-video-preview":"max-video-preview:-1"},"canonical":"https:\/\/www.grupfruiter.com\/en\/product-2\/vermouth-soda-75cl\/","og_locale":"en_GB","og_type":"article","og_title":"Refresc de Vermut (75cl) - Grup Fruiter Benissanet","og_description":"CELLER GRUP FRUITER ELABORACI\u00d3 Amb vi rosat de cupatge de varietats negres i amb mistela de most Blanc farem la base del vermut, tamb\u00e9 li posem les ess\u00e8ncies d'herbes.    TAST Ennis Refresc de Vermut, en aquest aperitiu hem buscat una part m\u00e9s fresca i f\u00e0cil. D'aromes c\u00edtriques barrejades amb les herbes, una boca f\u00e0cil i a alegre, pensada per l'estiu.","og_url":"https:\/\/www.grupfruiter.com\/en\/product-2\/vermouth-soda-75cl\/","og_site_name":"Grup Fruiter Benissanet","article_modified_time":"2026-03-09T11:28:05+00:00","og_image":[{"width":1217,"height":1608,"url":"https:\/\/www.grupfruiter.com\/wp-content\/uploads\/2025\/02\/Ennis-Refresc-de-Vermut.jpg","type":"image\/jpeg"}],"twitter_card":"summary_large_image","twitter_misc":{"Estimated reading time":"1 minute"},"schema":{"@context":"https:\/\/schema.org","@graph":[{"@type":"WebPage","@id":"https:\/\/www.grupfruiter.com\/producte\/refresc-de-vermut-75cl\/","url":"https:\/\/www.grupfruiter.com\/producte\/refresc-de-vermut-75cl\/","name":"Vermouth Refreshment (75cl) - Grup Fruiter Benissanet","isPartOf":{"@id":"https:\/\/www.grupfruiter.com\/#website"},"primaryImageOfPage":{"@id":"https:\/\/www.grupfruiter.com\/producte\/refresc-de-vermut-75cl\/#primaryimage"},"image":{"@id":"https:\/\/www.grupfruiter.com\/producte\/refresc-de-vermut-75cl\/#primaryimage"},"thumbnailUrl":"https:\/\/www.grupfruiter.com\/wp-content\/uploads\/2025\/02\/Ennis-Refresc-de-Vermut.jpg","datePublished":"2025-02-07T11:34:29+00:00","dateModified":"2026-03-09T11:28:05+00:00","breadcrumb":{"@id":"https:\/\/www.grupfruiter.com\/producte\/refresc-de-vermut-75cl\/#breadcrumb"},"inLanguage":"en-GB","potentialAction":[{"@type":"ReadAction","target":["https:\/\/www.grupfruiter.com\/producte\/refresc-de-vermut-75cl\/"]}]},{"@type":"ImageObject","inLanguage":"en-GB","@id":"https:\/\/www.grupfruiter.com\/producte\/refresc-de-vermut-75cl\/#primaryimage","url":"https:\/\/www.grupfruiter.com\/wp-content\/uploads\/2025\/02\/Ennis-Refresc-de-Vermut.jpg","contentUrl":"https:\/\/www.grupfruiter.com\/wp-content\/uploads\/2025\/02\/Ennis-Refresc-de-Vermut.jpg","width":1217,"height":1608,"caption":"Etiqueta d'Ennis Refresc de Vermut."},{"@type":"BreadcrumbList","@id":"https:\/\/www.grupfruiter.com\/producte\/refresc-de-vermut-75cl\/#breadcrumb","itemListElement":[{"@type":"ListItem","position":1,"name":"Inici","item":"https:\/\/www.grupfruiter.com\/"},{"@type":"ListItem","position":2,"name":"Botiga","item":"https:\/\/www.grupfruiter.com\/botiga\/"},{"@type":"ListItem","position":3,"name":"Refresc de Vermut (75cl)"}]},{"@type":"WebSite","@id":"https:\/\/www.grupfruiter.com\/#website","url":"https:\/\/www.grupfruiter.com\/","name":"Benissanet Fruit Group","description":"Sweet fruit production","potentialAction":[{"@type":"SearchAction","target":{"@type":"EntryPoint","urlTemplate":"https:\/\/www.grupfruiter.com\/?s={search_term_string}"},"query-input":{"@type":"PropertyValueSpecification","valueRequired":true,"valueName":"search_term_string"}}],"inLanguage":"en-GB"}]}},"_links":{"self":[{"href":"https:\/\/www.grupfruiter.com\/en\/wp-json\/wp\/v2\/product\/1112","targetHints":{"allow":["GET"]}}],"collection":[{"href":"https:\/\/www.grupfruiter.com\/en\/wp-json\/wp\/v2\/product"}],"about":[{"href":"https:\/\/www.grupfruiter.com\/en\/wp-json\/wp\/v2\/types\/product"}],"wp:featuredmedia":[{"embeddable":true,"href":"https:\/\/www.grupfruiter.com\/en\/wp-json\/wp\/v2\/media\/1109"}],"wp:attachment":[{"href":"https:\/\/www.grupfruiter.com\/en\/wp-json\/wp\/v2\/media?parent=1112"}],"wp:term":[{"taxonomy":"product_brand","embeddable":true,"href":"https:\/\/www.grupfruiter.com\/en\/wp-json\/wp\/v2\/product_brand?post=1112"},{"taxonomy":"product_cat","embeddable":true,"href":"https:\/\/www.grupfruiter.com\/en\/wp-json\/wp\/v2\/product_cat?post=1112"},{"taxonomy":"product_tag","embeddable":true,"href":"https:\/\/www.grupfruiter.com\/en\/wp-json\/wp\/v2\/product_tag?post=1112"}],"curies":[{"name":"wp","href":"https:\/\/api.w.org\/{rel}","templated":true}]}}