{"id":1509,"date":"2025-11-07T07:41:34","date_gmt":"2025-11-07T06:41:34","guid":{"rendered":"https:\/\/www.grupfruiter.com\/?post_type=product&#038;p=1509"},"modified":"2026-03-09T12:24:46","modified_gmt":"2026-03-09T11:24:46","slug":"arbequi-oil-1l-glass-bottle","status":"publish","type":"product","link":"https:\/\/www.grupfruiter.com\/en\/producte\/oli-arbequi-1l-botella-de-vidre\/","title":{"rendered":"1L Arbequina oil (glass bottle)"},"content":{"rendered":"","protected":false},"excerpt":{"rendered":"<p>It is a mixture of oils obtained from century-old olive trees in the Ribera d&#039;Ebre; Farga, Com\u00fa and Reguers, and which are currently still found in many of our farms, guarding the banks and shaping part of the image of our region.<br \/>\nWorked throughout the year with environmentally friendly techniques, they are harvested from the tree at their optimum point of maturity to preserve the characteristics of each variety and ground on the same day to obtain a mixture of oils that escapes the majority of market trends.<\/p>\n<p><strong>MILL<br \/>\n<\/strong>FRUIT GROUP<br \/>\n<strong>PRODUCED AND PACKAGED<br \/>\n<\/strong>Alm\u00e0ssera Grup Fruiter, Ctra de Mora s\/n 43747, Benissanet. Product of the EU.<br \/>\n<strong>VARIETY<br \/>\n<\/strong>Forge, Common and Reguers.<\/p>","protected":false},"featured_media":1740,"template":"","meta":{"_et_pb_use_builder":"","_et_pb_old_content":"","_et_gb_content_width":""},"product_brand":[],"product_cat":[36,28],"product_tag":[],"class_list":{"0":"post-1509","1":"product","2":"type-product","3":"status-publish","4":"has-post-thumbnail","6":"product_cat-arbequi","7":"product_cat-olis","9":"first","10":"instock","11":"taxable","12":"shipping-taxable","13":"purchasable","14":"product-type-simple"},"yoast_head":"<!-- This site is optimized with the Yoast SEO plugin v27.1.1 - https:\/\/yoast.com\/product\/yoast-seo-wordpress\/ -->\n<title>Oli arbequ\u00ed d&#039;1L (botella de vidre) - Grup Fruiter Benissanet<\/title>\n<meta name=\"robots\" content=\"index, follow, max-snippet:-1, max-image-preview:large, max-video-preview:-1\" \/>\n<link rel=\"canonical\" href=\"https:\/\/www.grupfruiter.com\/en\/product-2\/arbequi-oil-1l-glass-bottle\/\" \/>\n<meta property=\"og:locale\" content=\"en_GB\" \/>\n<meta property=\"og:type\" content=\"article\" \/>\n<meta property=\"og:title\" content=\"Oli arbequ\u00ed d&#039;1L (botella de vidre) - Grup Fruiter Benissanet\" \/>\n<meta property=\"og:description\" content=\"\u00c9s una mescla dels olis obtinguts d&#039;oliveres centen\u00e0ries de la Ribera d&#039;Ebre; Farga, Com\u00fa i Reguers, i que actualment encara es troben en moltes de les nostres finques guardant els marges i configurant part de la imatge de la nostra comarca. Treballades durant tot l&#039;any amb t\u00e8cniques, respectuoses amb el medi ambient, s\u00f3n collides de l&#039;arbre en el seu punt \u00f2ptim de maduraci\u00f3 per preservar les caracter\u00edstiques de cadascuna de les varietats i molturades el mateix dia per obtenir una mescla d&#039;olis que escapa als corrents majoritaris del mercat.  MOL\u00cd GRUP FRUITER PRODU\u00cfT I ENVASAT Alm\u00e0ssera Grup Fruiter, Ctra de Mora s\/n 43747, Benissanet. Producte de la UE. VARIETAT Farga, Com\u00fa i Reguers.\" \/>\n<meta property=\"og:url\" content=\"https:\/\/www.grupfruiter.com\/en\/product-2\/arbequi-oil-1l-glass-bottle\/\" \/>\n<meta property=\"og:site_name\" content=\"Grup Fruiter Benissanet\" \/>\n<meta property=\"article:modified_time\" content=\"2026-03-09T11:24:46+00:00\" \/>\n<meta property=\"og:image\" content=\"https:\/\/www.grupfruiter.com\/wp-content\/uploads\/2025\/11\/IMG_20251205_131338-1000ml.jpg\" \/>\n\t<meta property=\"og:image:width\" content=\"1200\" \/>\n\t<meta property=\"og:image:height\" content=\"1200\" \/>\n\t<meta property=\"og:image:type\" content=\"image\/jpeg\" \/>\n<meta name=\"twitter:card\" content=\"summary_large_image\" \/>\n<meta name=\"twitter:label1\" content=\"Estimated reading time\" \/>\n\t<meta name=\"twitter:data1\" content=\"1 minute\" \/>\n<script type=\"application\/ld+json\" class=\"yoast-schema-graph\">{\"@context\":\"https:\/\/schema.org\",\"@graph\":[{\"@type\":\"WebPage\",\"@id\":\"https:\/\/www.grupfruiter.com\/producte\/oli-arbequi-1l-botella-de-vidre\/\",\"url\":\"https:\/\/www.grupfruiter.com\/producte\/oli-arbequi-1l-botella-de-vidre\/\",\"name\":\"Oli arbequ\u00ed d'1L (botella de vidre) - Grup Fruiter Benissanet\",\"isPartOf\":{\"@id\":\"https:\/\/www.grupfruiter.com\/#website\"},\"primaryImageOfPage\":{\"@id\":\"https:\/\/www.grupfruiter.com\/producte\/oli-arbequi-1l-botella-de-vidre\/#primaryimage\"},\"image\":{\"@id\":\"https:\/\/www.grupfruiter.com\/producte\/oli-arbequi-1l-botella-de-vidre\/#primaryimage\"},\"thumbnailUrl\":\"https:\/\/www.grupfruiter.com\/wp-content\/uploads\/2025\/11\/IMG_20251205_131338-1000ml.jpg\",\"datePublished\":\"2025-11-07T06:41:34+00:00\",\"dateModified\":\"2026-03-09T11:24:46+00:00\",\"breadcrumb\":{\"@id\":\"https:\/\/www.grupfruiter.com\/producte\/oli-arbequi-1l-botella-de-vidre\/#breadcrumb\"},\"inLanguage\":\"en-GB\",\"potentialAction\":[{\"@type\":\"ReadAction\",\"target\":[\"https:\/\/www.grupfruiter.com\/producte\/oli-arbequi-1l-botella-de-vidre\/\"]}]},{\"@type\":\"ImageObject\",\"inLanguage\":\"en-GB\",\"@id\":\"https:\/\/www.grupfruiter.com\/producte\/oli-arbequi-1l-botella-de-vidre\/#primaryimage\",\"url\":\"https:\/\/www.grupfruiter.com\/wp-content\/uploads\/2025\/11\/IMG_20251205_131338-1000ml.jpg\",\"contentUrl\":\"https:\/\/www.grupfruiter.com\/wp-content\/uploads\/2025\/11\/IMG_20251205_131338-1000ml.jpg\",\"width\":1200,\"height\":1200,\"caption\":\"Oli arbequ\u00ed de 1000ML.\"},{\"@type\":\"BreadcrumbList\",\"@id\":\"https:\/\/www.grupfruiter.com\/producte\/oli-arbequi-1l-botella-de-vidre\/#breadcrumb\",\"itemListElement\":[{\"@type\":\"ListItem\",\"position\":1,\"name\":\"Inici\",\"item\":\"https:\/\/www.grupfruiter.com\/\"},{\"@type\":\"ListItem\",\"position\":2,\"name\":\"Botiga\",\"item\":\"https:\/\/www.grupfruiter.com\/botiga\/\"},{\"@type\":\"ListItem\",\"position\":3,\"name\":\"Oli arbequ\u00ed d&#8217;1L (botella de vidre)\"}]},{\"@type\":\"WebSite\",\"@id\":\"https:\/\/www.grupfruiter.com\/#website\",\"url\":\"https:\/\/www.grupfruiter.com\/\",\"name\":\"Grup Fruiter Benissanet\",\"description\":\"Producci\u00f3 de fruita dol\u00e7a\",\"potentialAction\":[{\"@type\":\"SearchAction\",\"target\":{\"@type\":\"EntryPoint\",\"urlTemplate\":\"https:\/\/www.grupfruiter.com\/?s={search_term_string}\"},\"query-input\":{\"@type\":\"PropertyValueSpecification\",\"valueRequired\":true,\"valueName\":\"search_term_string\"}}],\"inLanguage\":\"en-GB\"}]}<\/script>\n<!-- \/ Yoast SEO plugin. -->","yoast_head_json":{"title":"1L Arbequina oil (glass bottle) - Grup Fruiter Benissanet","robots":{"index":"index","follow":"follow","max-snippet":"max-snippet:-1","max-image-preview":"max-image-preview:large","max-video-preview":"max-video-preview:-1"},"canonical":"https:\/\/www.grupfruiter.com\/en\/product-2\/arbequi-oil-1l-glass-bottle\/","og_locale":"en_GB","og_type":"article","og_title":"Oli arbequ\u00ed d'1L (botella de vidre) - Grup Fruiter Benissanet","og_description":"\u00c9s una mescla dels olis obtinguts d'oliveres centen\u00e0ries de la Ribera d'Ebre; Farga, Com\u00fa i Reguers, i que actualment encara es troben en moltes de les nostres finques guardant els marges i configurant part de la imatge de la nostra comarca. Treballades durant tot l'any amb t\u00e8cniques, respectuoses amb el medi ambient, s\u00f3n collides de l'arbre en el seu punt \u00f2ptim de maduraci\u00f3 per preservar les caracter\u00edstiques de cadascuna de les varietats i molturades el mateix dia per obtenir una mescla d'olis que escapa als corrents majoritaris del mercat.  MOL\u00cd GRUP FRUITER PRODU\u00cfT I ENVASAT Alm\u00e0ssera Grup Fruiter, Ctra de Mora s\/n 43747, Benissanet. Producte de la UE. VARIETAT Farga, Com\u00fa i Reguers.","og_url":"https:\/\/www.grupfruiter.com\/en\/product-2\/arbequi-oil-1l-glass-bottle\/","og_site_name":"Grup Fruiter Benissanet","article_modified_time":"2026-03-09T11:24:46+00:00","og_image":[{"width":1200,"height":1200,"url":"https:\/\/www.grupfruiter.com\/wp-content\/uploads\/2025\/11\/IMG_20251205_131338-1000ml.jpg","type":"image\/jpeg"}],"twitter_card":"summary_large_image","twitter_misc":{"Estimated reading time":"1 minute"},"schema":{"@context":"https:\/\/schema.org","@graph":[{"@type":"WebPage","@id":"https:\/\/www.grupfruiter.com\/producte\/oli-arbequi-1l-botella-de-vidre\/","url":"https:\/\/www.grupfruiter.com\/producte\/oli-arbequi-1l-botella-de-vidre\/","name":"1L Arbequina oil (glass bottle) - Grup Fruiter Benissanet","isPartOf":{"@id":"https:\/\/www.grupfruiter.com\/#website"},"primaryImageOfPage":{"@id":"https:\/\/www.grupfruiter.com\/producte\/oli-arbequi-1l-botella-de-vidre\/#primaryimage"},"image":{"@id":"https:\/\/www.grupfruiter.com\/producte\/oli-arbequi-1l-botella-de-vidre\/#primaryimage"},"thumbnailUrl":"https:\/\/www.grupfruiter.com\/wp-content\/uploads\/2025\/11\/IMG_20251205_131338-1000ml.jpg","datePublished":"2025-11-07T06:41:34+00:00","dateModified":"2026-03-09T11:24:46+00:00","breadcrumb":{"@id":"https:\/\/www.grupfruiter.com\/producte\/oli-arbequi-1l-botella-de-vidre\/#breadcrumb"},"inLanguage":"en-GB","potentialAction":[{"@type":"ReadAction","target":["https:\/\/www.grupfruiter.com\/producte\/oli-arbequi-1l-botella-de-vidre\/"]}]},{"@type":"ImageObject","inLanguage":"en-GB","@id":"https:\/\/www.grupfruiter.com\/producte\/oli-arbequi-1l-botella-de-vidre\/#primaryimage","url":"https:\/\/www.grupfruiter.com\/wp-content\/uploads\/2025\/11\/IMG_20251205_131338-1000ml.jpg","contentUrl":"https:\/\/www.grupfruiter.com\/wp-content\/uploads\/2025\/11\/IMG_20251205_131338-1000ml.jpg","width":1200,"height":1200,"caption":"Oli arbequ\u00ed de 1000ML."},{"@type":"BreadcrumbList","@id":"https:\/\/www.grupfruiter.com\/producte\/oli-arbequi-1l-botella-de-vidre\/#breadcrumb","itemListElement":[{"@type":"ListItem","position":1,"name":"Inici","item":"https:\/\/www.grupfruiter.com\/"},{"@type":"ListItem","position":2,"name":"Botiga","item":"https:\/\/www.grupfruiter.com\/botiga\/"},{"@type":"ListItem","position":3,"name":"Oli arbequ\u00ed d&#8217;1L (botella de vidre)"}]},{"@type":"WebSite","@id":"https:\/\/www.grupfruiter.com\/#website","url":"https:\/\/www.grupfruiter.com\/","name":"Benissanet Fruit Group","description":"Sweet fruit production","potentialAction":[{"@type":"SearchAction","target":{"@type":"EntryPoint","urlTemplate":"https:\/\/www.grupfruiter.com\/?s={search_term_string}"},"query-input":{"@type":"PropertyValueSpecification","valueRequired":true,"valueName":"search_term_string"}}],"inLanguage":"en-GB"}]}},"_links":{"self":[{"href":"https:\/\/www.grupfruiter.com\/en\/wp-json\/wp\/v2\/product\/1509","targetHints":{"allow":["GET"]}}],"collection":[{"href":"https:\/\/www.grupfruiter.com\/en\/wp-json\/wp\/v2\/product"}],"about":[{"href":"https:\/\/www.grupfruiter.com\/en\/wp-json\/wp\/v2\/types\/product"}],"wp:featuredmedia":[{"embeddable":true,"href":"https:\/\/www.grupfruiter.com\/en\/wp-json\/wp\/v2\/media\/1740"}],"wp:attachment":[{"href":"https:\/\/www.grupfruiter.com\/en\/wp-json\/wp\/v2\/media?parent=1509"}],"wp:term":[{"taxonomy":"product_brand","embeddable":true,"href":"https:\/\/www.grupfruiter.com\/en\/wp-json\/wp\/v2\/product_brand?post=1509"},{"taxonomy":"product_cat","embeddable":true,"href":"https:\/\/www.grupfruiter.com\/en\/wp-json\/wp\/v2\/product_cat?post=1509"},{"taxonomy":"product_tag","embeddable":true,"href":"https:\/\/www.grupfruiter.com\/en\/wp-json\/wp\/v2\/product_tag?post=1509"}],"curies":[{"name":"wp","href":"https:\/\/api.w.org\/{rel}","templated":true}]}}