{"id":738,"date":"2025-02-03T08:07:51","date_gmt":"2025-02-03T07:07:51","guid":{"rendered":"https:\/\/www.grupfruiter.com\/?page_id=738"},"modified":"2025-02-05T07:54:12","modified_gmt":"2025-02-05T06:54:12","slug":"codigo-conducta-etica","status":"publish","type":"page","link":"https:\/\/www.grupfruiter.com\/es\/codi-conducta-etica\/","title":{"rendered":"C\u00f3digo conducta \u00e9tica"},"content":{"rendered":"\n[et_pb_section fb_built=&#8221;1&#8243; next_background_color=&#8221;#ffffff&#8221; _builder_version=&#8221;4.27.4&#8243; _module_preset=&#8221;default&#8221; background_color=&#8221;#8AB42B&#8221; custom_padding=&#8221;82px||82px||true|&#8221; bottom_divider_style=&#8221;curve&#8221; global_colors_info=&#8221;{}&#8221; theme_builder_area=&#8221;post_content&#8221;][et_pb_row _builder_version=&#8221;4.27.4&#8243; _module_preset=&#8221;default&#8221; global_colors_info=&#8221;{}&#8221; theme_builder_area=&#8221;post_content&#8221;][et_pb_column type=&#8221;4_4&#8243; _builder_version=&#8221;4.27.4&#8243; _module_preset=&#8221;default&#8221; global_colors_info=&#8221;{}&#8221; theme_builder_area=&#8221;post_content&#8221;][et_pb_text _builder_version=&#8221;4.27.4&#8243; _module_preset=&#8221;default&#8221; text_font=&#8221;&#8211;et_global_body_font|700||on|||||&#8221; text_text_color=&#8221;#FFFFFF&#8221; text_font_size=&#8221;16px&#8221; text_letter_spacing=&#8221;1px&#8221; text_orientation=&#8221;center&#8221; background_layout=&#8221;dark&#8221; global_colors_info=&#8221;{}&#8221; theme_builder_area=&#8221;post_content&#8221;]<p style=\"text-align: center;\">Grup Fruiter Benissanet<\/p>[\/et_pb_text][et_pb_post_title meta=&#8221;off&#8221; featured_image=&#8221;off&#8221; text_color=&#8221;light&#8221; _builder_version=&#8221;4.27.4&#8243; _module_preset=&#8221;default&#8221; title_font=&#8221;Poppins|600|||||||&#8221; title_font_size=&#8221;35px&#8221; text_orientation=&#8221;center&#8221; global_colors_info=&#8221;{}&#8221; theme_builder_area=&#8221;post_content&#8221;][\/et_pb_post_title][\/et_pb_column][\/et_pb_row][\/et_pb_section][et_pb_section fb_built=&#8221;1&#8243; admin_label=&#8221;section&#8221; _builder_version=&#8221;4.16&#8243; global_colors_info=&#8221;{}&#8221;][et_pb_row admin_label=&#8221;row&#8221; _builder_version=&#8221;4.16&#8243; background_size=&#8221;initial&#8221; background_position=&#8221;top_left&#8221; background_repeat=&#8221;repeat&#8221; global_colors_info=&#8221;{}&#8221;][et_pb_column type=&#8221;4_4&#8243; _builder_version=&#8221;4.16&#8243; custom_padding=&#8221;|||&#8221; global_colors_info=&#8221;{}&#8221; custom_padding__hover=&#8221;|||&#8221;][et_pb_text admin_label=&#8221;Text&#8221; _builder_version=&#8221;4.27.4&#8243; text_font=&#8221;&#8211;et_global_body_font||||||||&#8221; text_text_color=&#8221;#3E6432&#8243; background_size=&#8221;initial&#8221; background_position=&#8221;top_left&#8221; background_repeat=&#8221;repeat&#8221; global_colors_info=&#8221;{}&#8221;]<p><strong>Qualitat i certificacions <\/strong><\/p>\n<p>L\u2019objectiu \u00e9s disposar de principis i regles d\u2019actuaci\u00f3 davant la totalitat dels grups d\u2019inter\u00e8s del Grup, i que totes les persones que formen part de Grup Fruiter, procedeixin de manera coherent amb valors, pol\u00edtiques, i objectius generals de l\u2019empresa.<\/p>\n<p><strong>Principis \u00e8tics del Grup Fruiter de Benissanet SCCL<\/strong><\/p>\n<ol>\n<li>Direcci\u00f3<\/li>\n<\/ol>\n<p>La Direcci\u00f3 del Grup Fruiter adquireix compromisos \u00e8tics i socialment responsables, integrant-los a l\u2019organitzaci\u00f3 i col\u00b7laboradors i treballant-los a diari.<\/p>\n<p>Principis i comportaments \u00e8tics:<\/p>\n<ul>\n<li>Comunicar i promoure valors i pol\u00edtiques empresarials<\/li>\n<li>Donar suport als empleats en problemes personals i professionals.<\/li>\n<li>Mantenir relacions justes i equitatives.<\/li>\n<li>Establir canals de comunicaci\u00f3 de transparents.<\/li>\n<li>Prioritzar objectius empresarials per evitar conflictes d\u2019interessos.<\/li>\n<li>Comprom\u00eds amb el compliment de requisits legals i altres compromisos.<\/li>\n<\/ul>\n<ol start=\"2\">\n<li>Relaci\u00f3 amb els clients<\/li>\n<\/ol>\n<p>La relaci\u00f3 amb els clients es fonamenta en el respecte, l\u2019honradesa, la confian\u00e7a i la qualitat. El Responsable Comercial, el Responsable T\u00e8cnic i de Qualitat faciliten la comunicaci\u00f3 bidireccional amb els clients.<\/p>\n<p>Principis i comportaments \u00e8tics:<\/p>\n<ul>\n<li>Mantenir una relaci\u00f3 honesta i transparent amb clients per assegurar la qualitat.<\/li>\n<li>Innovar amb centres de recerca per millorar fruita.<\/li>\n<li>Adaptar els serveis segons les necessitats dels clients.<\/li>\n<li>Tenir un personal capacitat per resoldre problemes i tractar clients amb respecte.<\/li>\n<li>Gestionar suggeriments i queixes equitativament.<\/li>\n<li>Mantenir confidencialitat de dades del client i complir regulacions de protecci\u00f3 de dades.<\/li>\n<\/ul>\n<ol start=\"3\">\n<li>Relaci\u00f3 amb el personal intern<\/li>\n<\/ol>\n<p>Les persones del Grup Fruiter \u00a0han de tenir una base \u00e8tica s\u00f2lida per refor\u00e7ar la gesti\u00f3 \u00e8tica i socialment responsable de l\u2019empresa. Es redacta una pol\u00edtica de en relaci\u00f3 a les bones practiques social amb els seus treballadors<\/p>\n<p>Principis i comportaments \u00e8tics:<\/p>\n<ul>\n<li>No es realitza discriminaci\u00f3 o distinci\u00f3 per ra\u00f3 de ra\u00e7a, sexe, nacionalitat, religi\u00f3, orientaci\u00f3 sexual, maternitat, opci\u00f3 pol\u00edtica o afiliaci\u00f3 sindical. No s&#8217;obliga a fer proves m\u00e8diques tipus VIH o embar\u00e0s.<\/li>\n<li>Els procediments de contractaci\u00f3 s\u00f3n transparents i es respecta en tot moment el punt anterior.<\/li>\n<li>Tots els empleats que fan una mateixa funci\u00f3 tenen els mateixos drets quant a beneficis, sou, condicions de treball i oportunitats de formaci\u00f3.<\/li>\n<li>No es practiquen mesures disciplin\u00e0ries que comportin c\u00e0stigs o abusos f\u00edsics, mentals o verbals. No es faran treballs for\u00e7osos o sota coacci\u00f3. No s&#8217;han de fer deduccions sobre el sou i si hi ha mesures s&#8217;han d&#8217;ajustar al que marqui l&#8217;Estatut dels treballadors i han de permetre les al\u00b7legacions pertinents per part del treballador.<\/li>\n<li>No es faran servir menors de 16 anys, tal com estableix la legislaci\u00f3 espanyola. En qualsevol cas, els menors no realitzaran activitats que poguessin posar en risc la seva salut. Si hi ha treballadors amb fills menors vivint a l&#8217;explotaci\u00f3, aquests estan escolaritzats.<\/li>\n<li>Cap treballador estar\u00e0 obligat a residir a l&#8217;explotaci\u00f3, ni podr\u00e0 ser discriminat per no fer-ho.<\/li>\n<li>Sota cap circumst\u00e0ncia es retindran documents pertanyents als treballadors.<\/li>\n<li>Les hores extraordin\u00e0ries s\u00f3n volunt\u00e0ries.<\/li>\n<li>L&#8217;administraci\u00f3 admet la negociaci\u00f3 col\u00b7lectiva, l&#8217;elecci\u00f3 d&#8217;un representant dels treballadors per part d&#8217;aquests, dins del que estableix la legislaci\u00f3 vigent, aix\u00ed com la llibertat d&#8217;afiliaci\u00f3 dels treballadors.<\/li>\n<li><span>Els treballadors tindran plena llibertat per adre\u00e7ar-se al seu representant si sorgeixen dubtes relatius a les condicions dels seus contractes o problemes derivats de la feina, i si fossin v\u00edctimes d&#8217;extorsi\u00f3 o suborn ja sigui per part de l&#8217;empresa o els companys de feina. L\u2019administraci\u00f3 de l\u2019explotaci\u00f3 brindar\u00e0 la seva col\u00b7laboraci\u00f3 per resoldre aquests casos.<\/span><\/li>\n<li><span>S&#8217;estableix que el representant(s) dels empleats poden presentar reclamacions sense ser subjectes a sancions personals.<\/span><\/li>\n<li><span> L&#8217;explotaci\u00f3 comptar\u00e0 amb un procediment de riscos laborals en qu\u00e8 s&#8217;haur\u00e0 tingut en compte la possibilitat que certs grups de risc no puguin realitzar certes tasques per ser un risc (dones embarassades, menors de 18 anys, discapacitats f\u00edsics o ps\u00edquics). , malalts, etc).<\/span><\/li>\n<li><span>Es disposaran de protocols d&#8217;emerg\u00e8ncia a les instal\u00b7lacions i en cas d&#8217;accident l&#8217;empresa es responsabilitza d&#8217;actuar d&#8217;acord amb aquests protocols.<\/span><\/li>\n<li><span>En cas de provenir d\u2019una empresa de personal, l\u2019empresa s\u2019assegurar<\/span><span>\u00e0<\/span><span> que aquests principis es respecten per part d\u2019aquesta empresa subcontractada.<\/span><\/li>\n<\/ul>\n<ol start=\"4\">\n<li>Relaci\u00f3 amb l\u2019entorn social<\/li>\n<\/ol>\n<p>El Grup Fruiter una empresa arrelada al territori, beneficiant directament i indirectament la comunitat local. L\u2019empresa col\u00b7labora amb l\u2019entorn social de manera activa.<\/p>\n<p>Principis i comportaments \u00e8tics:<\/p>\n<ul>\n<li>Valorar que les activitats en les quals es col\u00b7labori siguin respectuoses amb infants, joves i no suposin risc social.<\/li>\n<li>No hi hagi discriminaci\u00f3 entre els participants.<\/li>\n<\/ul>\n<ol start=\"5\">\n<li>Relaci\u00f3 amb l\u2019entorn ambiental<\/li>\n<\/ol>\n<p>La Direcci\u00f3 de l\u2019empresa integra la protecci\u00f3 del medi ambient en la seva cultura empresarial com a part del comprom\u00eds amb el desenvolupament sostenible.<\/p>\n<p>Principis i comportaments \u00e8tics:<\/p>\n<ul>\n<li>Prevenir impactes ambientals i contribuir al desenvolupament sostenible tant en el magatzem com en les finques dels socis.<\/li>\n<li>Protegir el medi ambient amb tecnologia viable i millora cont\u00ednua.<\/li>\n<li>Ser transparent en la gesti\u00f3 mediambiental amb la participaci\u00f3 de tot el personal.<\/li>\n<\/ul>\n<ol start=\"6\">\n<li>Relaci\u00f3 amb els socis<\/li>\n<\/ol>\n<p>L&#8217;empresa \u00e9s una cooperativa que amb estatus que defineixen la relaci\u00f3 amb els socis tant obligacions, com drets i sancions.<\/p>\n<p>Principis i comportaments \u00e8tics:<\/p>\n<ul>\n<li>Compartir estats financers auditats amb transpar\u00e8ncia.<\/li>\n<li>Desenvolupar estrat\u00e8gies per a la viabilitat de les explotacions amb varietats i cultius i t\u00e8cniques.<\/li>\n<li>Valorar el paper de les dones en la gesti\u00f3 i tradicions agr\u00edcoles.<\/li>\n<li>Ajudar els socis a fer documents i tramitar-los segons siguin les seves necessitats.<\/li>\n<\/ul>\n<ol start=\"7\">\n<li>Relaci\u00f3 amb les administracions competents.<\/li>\n<\/ol>\n<p>La cooperativa col\u00b7labora amb l&#8217;administraci\u00f3 i els seus diferents departaments per a facilitar els tr\u00e0mits tant per l&#8217;empresa com la part de socis.<\/p>\n<p>Principis i comportaments \u00e8tics:<\/p>\n<ul>\n<li>Mantenir una relaci\u00f3 honesta i transparent amb les Administracions.<\/li>\n<li>Complir les obligacions i proporcionar informaci\u00f3 requerida per les Administracions.<\/li>\n<li>Rebutjar la corrupci\u00f3, extorsi\u00f3 i suborn.<\/li>\n<li>Realitzar documents dels socis respectant els criteris de l\u00edcits que ens informi.<\/li>\n<\/ul>\n<ol start=\"8\">\n<li>Relaci\u00f3 amb prove\u00efdors, socis i subcontractistes<\/li>\n<\/ol>\n<p>Els prove\u00efdors i subcontractistes s\u00f3n crucials per a la nostra organitzaci\u00f3. La nostra relaci\u00f3 es fonamenta en l\u2019acompliment mutu d\u2019objectius i contractes en benefici dels clients. <\/p>\n<p>Principis i comportaments \u00e8tics:<\/p>\n<ul>\n<li>Respectar, confiar i recolzar els prove\u00efdors.<\/li>\n<li>Exigir compliment d\u2019acords i pagar puntualment.<\/li>\n<li>Evitar litigis innecessaris i prioritzar la mediaci\u00f3.<\/li>\n<li>No acceptar regals que puguin influir en tractes favorables.<\/li>\n<\/ul>[\/et_pb_text][\/et_pb_column][\/et_pb_row][\/et_pb_section]\n","protected":false},"excerpt":{"rendered":"<p>Grup Fruiter BenissanetQualitat i certificacions L\u2019objectiu \u00e9s disposar de principis i regles d\u2019actuaci\u00f3 davant la totalitat dels grups d\u2019inter\u00e8s del Grup, i que totes les persones que formen part de Grup Fruiter, procedeixin de manera coherent amb valors, pol\u00edtiques, i objectius generals de l\u2019empresa. Principis \u00e8tics del Grup Fruiter de Benissanet SCCL Direcci\u00f3 La Direcci\u00f3 [&hellip;]<\/p>\n","protected":false},"author":3,"featured_media":0,"parent":0,"menu_order":0,"comment_status":"closed","ping_status":"closed","template":"","meta":{"_et_pb_use_builder":"on","_et_pb_old_content":"","_et_gb_content_width":"","footnotes":""},"class_list":["post-738","page","type-page","status-publish","hentry"],"yoast_head":"<!-- This site is optimized with the Yoast SEO plugin v27.1.1 - https:\/\/yoast.com\/product\/yoast-seo-wordpress\/ -->\n<title>Codi conducta \u00e8tica - Grup Fruiter Benissanet<\/title>\n<meta name=\"description\" content=\"Codi de conducta \u00e8tica: Qualitat i certificacions. L\u2019objectiu \u00e9s disposar de principis i regles d\u2019actuaci\u00f3 davant la totalitat...\" \/>\n<meta name=\"robots\" content=\"index, follow, max-snippet:-1, max-image-preview:large, max-video-preview:-1\" \/>\n<link rel=\"canonical\" href=\"https:\/\/www.grupfruiter.com\/es\/codigo-conducta-etica\/\" \/>\n<meta property=\"og:locale\" content=\"es_ES\" \/>\n<meta property=\"og:type\" content=\"article\" \/>\n<meta property=\"og:title\" content=\"Codi conducta \u00e8tica - Grup Fruiter Benissanet\" \/>\n<meta property=\"og:description\" content=\"Codi de conducta \u00e8tica: Qualitat i certificacions. L\u2019objectiu \u00e9s disposar de principis i regles d\u2019actuaci\u00f3 davant la totalitat...\" \/>\n<meta property=\"og:url\" content=\"https:\/\/www.grupfruiter.com\/es\/codigo-conducta-etica\/\" \/>\n<meta property=\"og:site_name\" content=\"Grup Fruiter Benissanet\" \/>\n<meta property=\"article:modified_time\" content=\"2025-02-05T06:54:12+00:00\" \/>\n<meta name=\"twitter:card\" content=\"summary_large_image\" \/>\n<meta name=\"twitter:label1\" content=\"Tiempo de lectura\" \/>\n\t<meta name=\"twitter:data1\" content=\"6 minutos\" \/>\n<script type=\"application\/ld+json\" class=\"yoast-schema-graph\">{\"@context\":\"https:\/\/schema.org\",\"@graph\":[{\"@type\":\"WebPage\",\"@id\":\"https:\/\/www.grupfruiter.com\/codi-conducta-etica\/\",\"url\":\"https:\/\/www.grupfruiter.com\/codi-conducta-etica\/\",\"name\":\"Codi conducta \u00e8tica - Grup Fruiter Benissanet\",\"isPartOf\":{\"@id\":\"https:\/\/www.grupfruiter.com\/#website\"},\"datePublished\":\"2025-02-03T07:07:51+00:00\",\"dateModified\":\"2025-02-05T06:54:12+00:00\",\"description\":\"Codi de conducta \u00e8tica: Qualitat i certificacions. L\u2019objectiu \u00e9s disposar de principis i regles d\u2019actuaci\u00f3 davant la totalitat...\",\"breadcrumb\":{\"@id\":\"https:\/\/www.grupfruiter.com\/codi-conducta-etica\/#breadcrumb\"},\"inLanguage\":\"es\",\"potentialAction\":[{\"@type\":\"ReadAction\",\"target\":[\"https:\/\/www.grupfruiter.com\/codi-conducta-etica\/\"]}]},{\"@type\":\"BreadcrumbList\",\"@id\":\"https:\/\/www.grupfruiter.com\/codi-conducta-etica\/#breadcrumb\",\"itemListElement\":[{\"@type\":\"ListItem\",\"position\":1,\"name\":\"Inici\",\"item\":\"https:\/\/www.grupfruiter.com\/\"},{\"@type\":\"ListItem\",\"position\":2,\"name\":\"Codi conducta \u00e8tica\"}]},{\"@type\":\"WebSite\",\"@id\":\"https:\/\/www.grupfruiter.com\/#website\",\"url\":\"https:\/\/www.grupfruiter.com\/\",\"name\":\"Grup Fruiter Benissanet\",\"description\":\"Producci\u00f3 de fruita dol\u00e7a\",\"potentialAction\":[{\"@type\":\"SearchAction\",\"target\":{\"@type\":\"EntryPoint\",\"urlTemplate\":\"https:\/\/www.grupfruiter.com\/?s={search_term_string}\"},\"query-input\":{\"@type\":\"PropertyValueSpecification\",\"valueRequired\":true,\"valueName\":\"search_term_string\"}}],\"inLanguage\":\"es\"}]}<\/script>\n<!-- \/ Yoast SEO plugin. -->","yoast_head_json":{"title":"C\u00f3digo conducta \u00e9tica - Grup Fruiter Benissanet","description":"C\u00f3digo de conducta \u00e9tica: Calidad y certificaciones. El objetivo es disponer de principios y reglas de actuaci\u00f3n ante la totalidad...","robots":{"index":"index","follow":"follow","max-snippet":"max-snippet:-1","max-image-preview":"max-image-preview:large","max-video-preview":"max-video-preview:-1"},"canonical":"https:\/\/www.grupfruiter.com\/es\/codigo-conducta-etica\/","og_locale":"es_ES","og_type":"article","og_title":"Codi conducta \u00e8tica - Grup Fruiter Benissanet","og_description":"Codi de conducta \u00e8tica: Qualitat i certificacions. L\u2019objectiu \u00e9s disposar de principis i regles d\u2019actuaci\u00f3 davant la totalitat...","og_url":"https:\/\/www.grupfruiter.com\/es\/codigo-conducta-etica\/","og_site_name":"Grup Fruiter Benissanet","article_modified_time":"2025-02-05T06:54:12+00:00","twitter_card":"summary_large_image","twitter_misc":{"Tiempo de lectura":"6 minutos"},"schema":{"@context":"https:\/\/schema.org","@graph":[{"@type":"WebPage","@id":"https:\/\/www.grupfruiter.com\/codi-conducta-etica\/","url":"https:\/\/www.grupfruiter.com\/codi-conducta-etica\/","name":"C\u00f3digo conducta \u00e9tica - Grup Fruiter Benissanet","isPartOf":{"@id":"https:\/\/www.grupfruiter.com\/#website"},"datePublished":"2025-02-03T07:07:51+00:00","dateModified":"2025-02-05T06:54:12+00:00","description":"C\u00f3digo de conducta \u00e9tica: Calidad y certificaciones. El objetivo es disponer de principios y reglas de actuaci\u00f3n ante la totalidad...","breadcrumb":{"@id":"https:\/\/www.grupfruiter.com\/codi-conducta-etica\/#breadcrumb"},"inLanguage":"es","potentialAction":[{"@type":"ReadAction","target":["https:\/\/www.grupfruiter.com\/codi-conducta-etica\/"]}]},{"@type":"BreadcrumbList","@id":"https:\/\/www.grupfruiter.com\/codi-conducta-etica\/#breadcrumb","itemListElement":[{"@type":"ListItem","position":1,"name":"Inici","item":"https:\/\/www.grupfruiter.com\/"},{"@type":"ListItem","position":2,"name":"Codi conducta \u00e8tica"}]},{"@type":"WebSite","@id":"https:\/\/www.grupfruiter.com\/#website","url":"https:\/\/www.grupfruiter.com\/","name":"Grup Fruiter Benissanet","description":"Producci\u00f3n de fruta dulce","potentialAction":[{"@type":"SearchAction","target":{"@type":"EntryPoint","urlTemplate":"https:\/\/www.grupfruiter.com\/?s={search_term_string}"},"query-input":{"@type":"PropertyValueSpecification","valueRequired":true,"valueName":"search_term_string"}}],"inLanguage":"es"}]}},"_links":{"self":[{"href":"https:\/\/www.grupfruiter.com\/es\/wp-json\/wp\/v2\/pages\/738","targetHints":{"allow":["GET"]}}],"collection":[{"href":"https:\/\/www.grupfruiter.com\/es\/wp-json\/wp\/v2\/pages"}],"about":[{"href":"https:\/\/www.grupfruiter.com\/es\/wp-json\/wp\/v2\/types\/page"}],"author":[{"embeddable":true,"href":"https:\/\/www.grupfruiter.com\/es\/wp-json\/wp\/v2\/users\/3"}],"replies":[{"embeddable":true,"href":"https:\/\/www.grupfruiter.com\/es\/wp-json\/wp\/v2\/comments?post=738"}],"version-history":[{"count":6,"href":"https:\/\/www.grupfruiter.com\/es\/wp-json\/wp\/v2\/pages\/738\/revisions"}],"predecessor-version":[{"id":1074,"href":"https:\/\/www.grupfruiter.com\/es\/wp-json\/wp\/v2\/pages\/738\/revisions\/1074"}],"wp:attachment":[{"href":"https:\/\/www.grupfruiter.com\/es\/wp-json\/wp\/v2\/media?parent=738"}],"curies":[{"name":"wp","href":"https:\/\/api.w.org\/{rel}","templated":true}]}}