{"id":1068,"date":"2025-02-05T07:36:37","date_gmt":"2025-02-05T06:36:37","guid":{"rendered":"https:\/\/www.grupfruiter.com\/?post_type=product&#038;p=1068"},"modified":"2026-03-09T12:26:58","modified_gmt":"2026-03-09T11:26:58","slug":"aceite-lata-de-25l","status":"publish","type":"product","link":"https:\/\/www.grupfruiter.com\/es\/producte\/oli-llauna-de-25l\/","title":{"rendered":"Aceite de 2,5L (lata)"},"content":{"rendered":"","protected":false},"excerpt":{"rendered":"<p>Es una mezcla de los aceites obtenido de los olivos centenarios de la Ribera d'Ebre; Farga, Com\u00fan y Reguers, y que actualmente todav\u00eda se encuentran en muchas de nuestras fincas guardando los m\u00e1rgenes y configurando parte de la imagen de nuestra comarca.<br \/>\nTrabajadas durante todo el a\u00f1o con t\u00e9cnicas, respetuosas con el medio ambiente, son cosechadas del \u00e1rbol en su punto \u00f3ptimo de maduraci\u00f3n para preservar las caracter\u00edsticas de cada una de las variedades y trituradas el mismo d\u00eda para obtener una mezcla de aceites que escapa a las corrientes mayoritarias del mercado.<\/p>\n<p><strong>MOLINO<br \/>\n<\/strong>GRUP FRUITER<br \/>\n<strong>PRODUCIDO Y ENVASADO<br \/>\n<\/strong>Alm\u00e0ssera Grup Fruiter, Ctra de Mora s\/n 43747, Benissanet. Producto de la UE.<br \/>\n<strong>VARIEDAD<br \/>\n<\/strong>Farga, Com\u00fan y Reguers.<br \/>\n<strong>ELABORACI\u00d3N<br \/>\n<\/strong>Aceite de oliva de calidad superior obtenida directamente de las aceitunas mediante procesos mec\u00e1nicos.<br \/>\nCupaje 1969 es un aceite ligado al territorio, que ayuda a preservar las variedades aut\u00f3ctonas de la comarca y mantener las familias productoras ligadas a la tierra. Los productos de \"Grup Fruiter\" de Benissanet son elaborados de forma cooperativa, repartiendo los beneficios entre los productores, estableciendo un entorno de comercio justo y evitando el despoblamiento rural. \u00a1\u00a1\u00a1Disfrutad de un aceite aut\u00e9ntico y diferente hecho con amor y orgullo al lado del Ebro!!!<\/p>","protected":false},"featured_media":1098,"template":"","meta":{"_et_pb_use_builder":"","_et_pb_old_content":"","_et_gb_content_width":""},"product_brand":[],"product_cat":[35,28],"product_tag":[],"class_list":{"0":"post-1068","1":"product","2":"type-product","3":"status-publish","4":"has-post-thumbnail","6":"product_cat-cupatge","7":"product_cat-olis","9":"first","10":"instock","11":"taxable","12":"shipping-taxable","13":"purchasable","14":"product-type-simple"},"yoast_head":"<!-- This site is optimized with the Yoast SEO plugin v27.1.1 - https:\/\/yoast.com\/product\/yoast-seo-wordpress\/ -->\n<title>Oli de 2,5L (llauna) - Grup Fruiter Benissanet<\/title>\n<meta name=\"robots\" content=\"index, follow, max-snippet:-1, max-image-preview:large, max-video-preview:-1\" \/>\n<link rel=\"canonical\" href=\"https:\/\/www.grupfruiter.com\/es\/producto\/aceite-lata-de-25l\/\" \/>\n<meta property=\"og:locale\" content=\"es_ES\" \/>\n<meta property=\"og:type\" content=\"article\" \/>\n<meta property=\"og:title\" content=\"Oli de 2,5L (llauna) - Grup Fruiter Benissanet\" \/>\n<meta property=\"og:description\" content=\"\u00c9s una mescla dels olis obtinguts d&#039;oliveres centen\u00e0ries de la Ribera d&#039;Ebre; Farga, Com\u00fa i Reguers, i que actualment encara es troben en moltes de les nostres finques guardant els marges i configurant part de la imatge de la nostra comarca. Treballades durant tot l&#039;any amb t\u00e8cniques, respectuoses amb el medi ambient, s\u00f3n collides de l&#039;arbre en el seu punt \u00f2ptim de maduraci\u00f3 per preservar les caracter\u00edstiques de cadascuna de les varietats i molturades el mateix dia per obtenir una mescla d&#039;olis que escapa als corrents majoritaris del mercat.  MOL\u00cd GRUP FRUITER PRODU\u00cfT I ENVASAT Alm\u00e0ssera Grup Fruiter, Ctra de Mora s\/n 43747, Benissanet. Producte de la UE. VARIETAT Farga, Com\u00fa i Reguers. ELABORACI\u00d3 Oli d&#039;oliva de qualitat superior obtingut directament de les olives mitjan\u00e7ant procediments mec\u00e0nics. Cupatge 1969 \u00e9s un oli lligat al territori, que ajuda a preservar les varietats aut\u00f2ctones de la comarca i mantenir i les fam\u00edlies productores lligades a la terra. Els productes del Grup Fruiter de Benissanet s\u00f3n elaborats de forma cooperativa, repartint els beneficis entre els productors, establint un entorn de comer\u00e7 just i evitant el despoblament rural. Gaudiu d&#039;un oli aut\u00e8ntic i diferent fet amb amor i orgull a la vora de l&#039;Ebre!!!\" \/>\n<meta property=\"og:url\" content=\"https:\/\/www.grupfruiter.com\/es\/producto\/aceite-lata-de-25l\/\" \/>\n<meta property=\"og:site_name\" content=\"Grup Fruiter Benissanet\" \/>\n<meta property=\"article:modified_time\" content=\"2026-03-09T11:26:58+00:00\" \/>\n<meta property=\"og:image\" content=\"https:\/\/www.grupfruiter.com\/wp-content\/uploads\/2025\/02\/Colored-Oil-Tin-Mockup.jpeg\" \/>\n\t<meta property=\"og:image:width\" content=\"1000\" \/>\n\t<meta property=\"og:image:height\" content=\"1000\" \/>\n\t<meta property=\"og:image:type\" content=\"image\/jpeg\" \/>\n<meta name=\"twitter:card\" content=\"summary_large_image\" \/>\n<meta name=\"twitter:label1\" content=\"Tiempo de lectura\" \/>\n\t<meta name=\"twitter:data1\" content=\"1 minuto\" \/>\n<script type=\"application\/ld+json\" class=\"yoast-schema-graph\">{\"@context\":\"https:\/\/schema.org\",\"@graph\":[{\"@type\":\"WebPage\",\"@id\":\"https:\/\/www.grupfruiter.com\/producte\/oli-llauna-de-25l\/\",\"url\":\"https:\/\/www.grupfruiter.com\/producte\/oli-llauna-de-25l\/\",\"name\":\"Oli de 2,5L (llauna) - Grup Fruiter Benissanet\",\"isPartOf\":{\"@id\":\"https:\/\/www.grupfruiter.com\/#website\"},\"primaryImageOfPage\":{\"@id\":\"https:\/\/www.grupfruiter.com\/producte\/oli-llauna-de-25l\/#primaryimage\"},\"image\":{\"@id\":\"https:\/\/www.grupfruiter.com\/producte\/oli-llauna-de-25l\/#primaryimage\"},\"thumbnailUrl\":\"https:\/\/www.grupfruiter.com\/wp-content\/uploads\/2025\/02\/Colored-Oil-Tin-Mockup.jpeg\",\"datePublished\":\"2025-02-05T06:36:37+00:00\",\"dateModified\":\"2026-03-09T11:26:58+00:00\",\"breadcrumb\":{\"@id\":\"https:\/\/www.grupfruiter.com\/producte\/oli-llauna-de-25l\/#breadcrumb\"},\"inLanguage\":\"es\",\"potentialAction\":[{\"@type\":\"ReadAction\",\"target\":[\"https:\/\/www.grupfruiter.com\/producte\/oli-llauna-de-25l\/\"]}]},{\"@type\":\"ImageObject\",\"inLanguage\":\"es\",\"@id\":\"https:\/\/www.grupfruiter.com\/producte\/oli-llauna-de-25l\/#primaryimage\",\"url\":\"https:\/\/www.grupfruiter.com\/wp-content\/uploads\/2025\/02\/Colored-Oil-Tin-Mockup.jpeg\",\"contentUrl\":\"https:\/\/www.grupfruiter.com\/wp-content\/uploads\/2025\/02\/Colored-Oil-Tin-Mockup.jpeg\",\"width\":1000,\"height\":1000,\"caption\":\"Etiqueta de Cupatge 1969.\"},{\"@type\":\"BreadcrumbList\",\"@id\":\"https:\/\/www.grupfruiter.com\/producte\/oli-llauna-de-25l\/#breadcrumb\",\"itemListElement\":[{\"@type\":\"ListItem\",\"position\":1,\"name\":\"Inici\",\"item\":\"https:\/\/www.grupfruiter.com\/\"},{\"@type\":\"ListItem\",\"position\":2,\"name\":\"Botiga\",\"item\":\"https:\/\/www.grupfruiter.com\/botiga\/\"},{\"@type\":\"ListItem\",\"position\":3,\"name\":\"Oli de 2,5L (llauna)\"}]},{\"@type\":\"WebSite\",\"@id\":\"https:\/\/www.grupfruiter.com\/#website\",\"url\":\"https:\/\/www.grupfruiter.com\/\",\"name\":\"Grup Fruiter Benissanet\",\"description\":\"Producci\u00f3 de fruita dol\u00e7a\",\"potentialAction\":[{\"@type\":\"SearchAction\",\"target\":{\"@type\":\"EntryPoint\",\"urlTemplate\":\"https:\/\/www.grupfruiter.com\/?s={search_term_string}\"},\"query-input\":{\"@type\":\"PropertyValueSpecification\",\"valueRequired\":true,\"valueName\":\"search_term_string\"}}],\"inLanguage\":\"es\"}]}<\/script>\n<!-- \/ Yoast SEO plugin. -->","yoast_head_json":{"title":"Aceite de 2,5L (lata) - Grupo Fruiter Benissanet","robots":{"index":"index","follow":"follow","max-snippet":"max-snippet:-1","max-image-preview":"max-image-preview:large","max-video-preview":"max-video-preview:-1"},"canonical":"https:\/\/www.grupfruiter.com\/es\/producto\/aceite-lata-de-25l\/","og_locale":"es_ES","og_type":"article","og_title":"Oli de 2,5L (llauna) - Grup Fruiter Benissanet","og_description":"\u00c9s una mescla dels olis obtinguts d'oliveres centen\u00e0ries de la Ribera d'Ebre; Farga, Com\u00fa i Reguers, i que actualment encara es troben en moltes de les nostres finques guardant els marges i configurant part de la imatge de la nostra comarca. Treballades durant tot l'any amb t\u00e8cniques, respectuoses amb el medi ambient, s\u00f3n collides de l'arbre en el seu punt \u00f2ptim de maduraci\u00f3 per preservar les caracter\u00edstiques de cadascuna de les varietats i molturades el mateix dia per obtenir una mescla d'olis que escapa als corrents majoritaris del mercat.  MOL\u00cd GRUP FRUITER PRODU\u00cfT I ENVASAT Alm\u00e0ssera Grup Fruiter, Ctra de Mora s\/n 43747, Benissanet. Producte de la UE. VARIETAT Farga, Com\u00fa i Reguers. ELABORACI\u00d3 Oli d'oliva de qualitat superior obtingut directament de les olives mitjan\u00e7ant procediments mec\u00e0nics. Cupatge 1969 \u00e9s un oli lligat al territori, que ajuda a preservar les varietats aut\u00f2ctones de la comarca i mantenir i les fam\u00edlies productores lligades a la terra. Els productes del Grup Fruiter de Benissanet s\u00f3n elaborats de forma cooperativa, repartint els beneficis entre els productors, establint un entorn de comer\u00e7 just i evitant el despoblament rural. Gaudiu d'un oli aut\u00e8ntic i diferent fet amb amor i orgull a la vora de l'Ebre!!!","og_url":"https:\/\/www.grupfruiter.com\/es\/producto\/aceite-lata-de-25l\/","og_site_name":"Grup Fruiter Benissanet","article_modified_time":"2026-03-09T11:26:58+00:00","og_image":[{"width":1000,"height":1000,"url":"https:\/\/www.grupfruiter.com\/wp-content\/uploads\/2025\/02\/Colored-Oil-Tin-Mockup.jpeg","type":"image\/jpeg"}],"twitter_card":"summary_large_image","twitter_misc":{"Tiempo de lectura":"1 minuto"},"schema":{"@context":"https:\/\/schema.org","@graph":[{"@type":"WebPage","@id":"https:\/\/www.grupfruiter.com\/producte\/oli-llauna-de-25l\/","url":"https:\/\/www.grupfruiter.com\/producte\/oli-llauna-de-25l\/","name":"Aceite de 2,5L (lata) - Grupo Fruiter Benissanet","isPartOf":{"@id":"https:\/\/www.grupfruiter.com\/#website"},"primaryImageOfPage":{"@id":"https:\/\/www.grupfruiter.com\/producte\/oli-llauna-de-25l\/#primaryimage"},"image":{"@id":"https:\/\/www.grupfruiter.com\/producte\/oli-llauna-de-25l\/#primaryimage"},"thumbnailUrl":"https:\/\/www.grupfruiter.com\/wp-content\/uploads\/2025\/02\/Colored-Oil-Tin-Mockup.jpeg","datePublished":"2025-02-05T06:36:37+00:00","dateModified":"2026-03-09T11:26:58+00:00","breadcrumb":{"@id":"https:\/\/www.grupfruiter.com\/producte\/oli-llauna-de-25l\/#breadcrumb"},"inLanguage":"es","potentialAction":[{"@type":"ReadAction","target":["https:\/\/www.grupfruiter.com\/producte\/oli-llauna-de-25l\/"]}]},{"@type":"ImageObject","inLanguage":"es","@id":"https:\/\/www.grupfruiter.com\/producte\/oli-llauna-de-25l\/#primaryimage","url":"https:\/\/www.grupfruiter.com\/wp-content\/uploads\/2025\/02\/Colored-Oil-Tin-Mockup.jpeg","contentUrl":"https:\/\/www.grupfruiter.com\/wp-content\/uploads\/2025\/02\/Colored-Oil-Tin-Mockup.jpeg","width":1000,"height":1000,"caption":"Etiqueta de Cupatge 1969."},{"@type":"BreadcrumbList","@id":"https:\/\/www.grupfruiter.com\/producte\/oli-llauna-de-25l\/#breadcrumb","itemListElement":[{"@type":"ListItem","position":1,"name":"Inici","item":"https:\/\/www.grupfruiter.com\/"},{"@type":"ListItem","position":2,"name":"Botiga","item":"https:\/\/www.grupfruiter.com\/botiga\/"},{"@type":"ListItem","position":3,"name":"Oli de 2,5L (llauna)"}]},{"@type":"WebSite","@id":"https:\/\/www.grupfruiter.com\/#website","url":"https:\/\/www.grupfruiter.com\/","name":"Grup Fruiter Benissanet","description":"Producci\u00f3n de fruta dulce","potentialAction":[{"@type":"SearchAction","target":{"@type":"EntryPoint","urlTemplate":"https:\/\/www.grupfruiter.com\/?s={search_term_string}"},"query-input":{"@type":"PropertyValueSpecification","valueRequired":true,"valueName":"search_term_string"}}],"inLanguage":"es"}]}},"_links":{"self":[{"href":"https:\/\/www.grupfruiter.com\/es\/wp-json\/wp\/v2\/product\/1068","targetHints":{"allow":["GET"]}}],"collection":[{"href":"https:\/\/www.grupfruiter.com\/es\/wp-json\/wp\/v2\/product"}],"about":[{"href":"https:\/\/www.grupfruiter.com\/es\/wp-json\/wp\/v2\/types\/product"}],"wp:featuredmedia":[{"embeddable":true,"href":"https:\/\/www.grupfruiter.com\/es\/wp-json\/wp\/v2\/media\/1098"}],"wp:attachment":[{"href":"https:\/\/www.grupfruiter.com\/es\/wp-json\/wp\/v2\/media?parent=1068"}],"wp:term":[{"taxonomy":"product_brand","embeddable":true,"href":"https:\/\/www.grupfruiter.com\/es\/wp-json\/wp\/v2\/product_brand?post=1068"},{"taxonomy":"product_cat","embeddable":true,"href":"https:\/\/www.grupfruiter.com\/es\/wp-json\/wp\/v2\/product_cat?post=1068"},{"taxonomy":"product_tag","embeddable":true,"href":"https:\/\/www.grupfruiter.com\/es\/wp-json\/wp\/v2\/product_tag?post=1068"}],"curies":[{"name":"wp","href":"https:\/\/api.w.org\/{rel}","templated":true}]}}