{"id":1118,"date":"2025-02-07T13:24:08","date_gmt":"2025-02-07T12:24:08","guid":{"rendered":"https:\/\/www.grupfruiter.com\/?post_type=product&#038;p=1118"},"modified":"2026-01-09T14:46:30","modified_gmt":"2026-01-09T13:46:30","slug":"mistela-75cl","status":"publish","type":"product","link":"https:\/\/www.grupfruiter.com\/es\/producte\/mistela-75cl\/","title":{"rendered":"Mistela (75cl)"},"content":{"rendered":"","protected":false},"excerpt":{"rendered":"<p><strong>BODEGA<br \/>\n<\/strong>GRUP FRUITER<br \/>\n<strong>ELABORACI\u00d3N<br \/>\n<\/strong>La mistela es una bebida que no ha fermentado, se mezcla mosto de macabeo con alcohol del 96% y lo dejamos a 15 grados.<\/p>\n<hr \/>\n<p><strong>CATA<br \/>\nLa Mistela<\/strong>, la bebida m\u00e1s dulce, una entrada muy f\u00e1cil, una dulzura muy agradable al ser de mosto, y un final a frutos secos debido a la oxidaci\u00f3n.<\/p>","protected":false},"featured_media":1758,"template":"","meta":{"_et_pb_use_builder":"","_et_pb_old_content":"","_et_gb_content_width":""},"product_brand":[],"product_cat":[25,31,43],"product_tag":[],"class_list":{"0":"post-1118","1":"product","2":"type-product","3":"status-publish","4":"has-post-thumbnail","6":"product_cat-celler","7":"product_cat-mistela","8":"product_cat-vins-licor","10":"first","11":"instock","12":"taxable","13":"shipping-taxable","14":"purchasable","15":"product-type-simple"},"yoast_head":"<!-- This site is optimized with the Yoast SEO plugin v27.1.1 - https:\/\/yoast.com\/product\/yoast-seo-wordpress\/ -->\n<title>Mistela (75cl) - Grup Fruiter Benissanet<\/title>\n<meta name=\"robots\" content=\"index, follow, max-snippet:-1, max-image-preview:large, max-video-preview:-1\" \/>\n<link rel=\"canonical\" href=\"https:\/\/www.grupfruiter.com\/es\/producto\/mistela-75cl\/\" \/>\n<meta property=\"og:locale\" content=\"es_ES\" \/>\n<meta property=\"og:type\" content=\"article\" \/>\n<meta property=\"og:title\" content=\"Mistela (75cl) - Grup Fruiter Benissanet\" \/>\n<meta property=\"og:description\" content=\"CELLER GRUP FRUITER ELABORACI\u00d3 La mistela \u00e9s una beguda que no ha fermentat, es barreja most de macabeu amb alcohol del 96% i el deixem a 15 graus.    TAST La Mistela, la beguda m\u00e9s dol\u00e7a, una entrada molt f\u00e0cil, una dol\u00e7or molt agradable a ser de most, i un final a fruits secs debut a l&#039;oxidaci\u00f3.\" \/>\n<meta property=\"og:url\" content=\"https:\/\/www.grupfruiter.com\/es\/producto\/mistela-75cl\/\" \/>\n<meta property=\"og:site_name\" content=\"Grup Fruiter Benissanet\" \/>\n<meta property=\"article:modified_time\" content=\"2026-01-09T13:46:30+00:00\" \/>\n<meta property=\"og:image\" content=\"https:\/\/www.grupfruiter.com\/wp-content\/uploads\/2025\/02\/IMG_20251205_131600-2.jpg\" \/>\n\t<meta property=\"og:image:width\" content=\"1187\" \/>\n\t<meta property=\"og:image:height\" content=\"1200\" \/>\n\t<meta property=\"og:image:type\" content=\"image\/jpeg\" \/>\n<meta name=\"twitter:card\" content=\"summary_large_image\" \/>\n<meta name=\"twitter:label1\" content=\"Tiempo de lectura\" \/>\n\t<meta name=\"twitter:data1\" content=\"1 minuto\" \/>\n<script type=\"application\/ld+json\" class=\"yoast-schema-graph\">{\"@context\":\"https:\/\/schema.org\",\"@graph\":[{\"@type\":\"WebPage\",\"@id\":\"https:\/\/www.grupfruiter.com\/producte\/mistela-75cl\/\",\"url\":\"https:\/\/www.grupfruiter.com\/producte\/mistela-75cl\/\",\"name\":\"Mistela (75cl) - Grup Fruiter Benissanet\",\"isPartOf\":{\"@id\":\"https:\/\/www.grupfruiter.com\/#website\"},\"primaryImageOfPage\":{\"@id\":\"https:\/\/www.grupfruiter.com\/producte\/mistela-75cl\/#primaryimage\"},\"image\":{\"@id\":\"https:\/\/www.grupfruiter.com\/producte\/mistela-75cl\/#primaryimage\"},\"thumbnailUrl\":\"https:\/\/www.grupfruiter.com\/wp-content\/uploads\/2025\/02\/IMG_20251205_131600-2.jpg\",\"datePublished\":\"2025-02-07T12:24:08+00:00\",\"dateModified\":\"2026-01-09T13:46:30+00:00\",\"breadcrumb\":{\"@id\":\"https:\/\/www.grupfruiter.com\/producte\/mistela-75cl\/#breadcrumb\"},\"inLanguage\":\"es\",\"potentialAction\":[{\"@type\":\"ReadAction\",\"target\":[\"https:\/\/www.grupfruiter.com\/producte\/mistela-75cl\/\"]}]},{\"@type\":\"ImageObject\",\"inLanguage\":\"es\",\"@id\":\"https:\/\/www.grupfruiter.com\/producte\/mistela-75cl\/#primaryimage\",\"url\":\"https:\/\/www.grupfruiter.com\/wp-content\/uploads\/2025\/02\/IMG_20251205_131600-2.jpg\",\"contentUrl\":\"https:\/\/www.grupfruiter.com\/wp-content\/uploads\/2025\/02\/IMG_20251205_131600-2.jpg\",\"width\":1187,\"height\":1200,\"caption\":\"Mistela\"},{\"@type\":\"BreadcrumbList\",\"@id\":\"https:\/\/www.grupfruiter.com\/producte\/mistela-75cl\/#breadcrumb\",\"itemListElement\":[{\"@type\":\"ListItem\",\"position\":1,\"name\":\"Inici\",\"item\":\"https:\/\/www.grupfruiter.com\/\"},{\"@type\":\"ListItem\",\"position\":2,\"name\":\"Botiga\",\"item\":\"https:\/\/www.grupfruiter.com\/botiga\/\"},{\"@type\":\"ListItem\",\"position\":3,\"name\":\"Mistela (75cl)\"}]},{\"@type\":\"WebSite\",\"@id\":\"https:\/\/www.grupfruiter.com\/#website\",\"url\":\"https:\/\/www.grupfruiter.com\/\",\"name\":\"Grup Fruiter Benissanet\",\"description\":\"Producci\u00f3 de fruita dol\u00e7a\",\"potentialAction\":[{\"@type\":\"SearchAction\",\"target\":{\"@type\":\"EntryPoint\",\"urlTemplate\":\"https:\/\/www.grupfruiter.com\/?s={search_term_string}\"},\"query-input\":{\"@type\":\"PropertyValueSpecification\",\"valueRequired\":true,\"valueName\":\"search_term_string\"}}],\"inLanguage\":\"es\"}]}<\/script>\n<!-- \/ Yoast SEO plugin. -->","yoast_head_json":{"title":"Mistela (75cl) - Grupo Fruiter Benissanet","robots":{"index":"index","follow":"follow","max-snippet":"max-snippet:-1","max-image-preview":"max-image-preview:large","max-video-preview":"max-video-preview:-1"},"canonical":"https:\/\/www.grupfruiter.com\/es\/producto\/mistela-75cl\/","og_locale":"es_ES","og_type":"article","og_title":"Mistela (75cl) - Grup Fruiter Benissanet","og_description":"CELLER GRUP FRUITER ELABORACI\u00d3 La mistela \u00e9s una beguda que no ha fermentat, es barreja most de macabeu amb alcohol del 96% i el deixem a 15 graus.    TAST La Mistela, la beguda m\u00e9s dol\u00e7a, una entrada molt f\u00e0cil, una dol\u00e7or molt agradable a ser de most, i un final a fruits secs debut a l'oxidaci\u00f3.","og_url":"https:\/\/www.grupfruiter.com\/es\/producto\/mistela-75cl\/","og_site_name":"Grup Fruiter Benissanet","article_modified_time":"2026-01-09T13:46:30+00:00","og_image":[{"width":1187,"height":1200,"url":"https:\/\/www.grupfruiter.com\/wp-content\/uploads\/2025\/02\/IMG_20251205_131600-2.jpg","type":"image\/jpeg"}],"twitter_card":"summary_large_image","twitter_misc":{"Tiempo de lectura":"1 minuto"},"schema":{"@context":"https:\/\/schema.org","@graph":[{"@type":"WebPage","@id":"https:\/\/www.grupfruiter.com\/producte\/mistela-75cl\/","url":"https:\/\/www.grupfruiter.com\/producte\/mistela-75cl\/","name":"Mistela (75cl) - Grupo Fruiter Benissanet","isPartOf":{"@id":"https:\/\/www.grupfruiter.com\/#website"},"primaryImageOfPage":{"@id":"https:\/\/www.grupfruiter.com\/producte\/mistela-75cl\/#primaryimage"},"image":{"@id":"https:\/\/www.grupfruiter.com\/producte\/mistela-75cl\/#primaryimage"},"thumbnailUrl":"https:\/\/www.grupfruiter.com\/wp-content\/uploads\/2025\/02\/IMG_20251205_131600-2.jpg","datePublished":"2025-02-07T12:24:08+00:00","dateModified":"2026-01-09T13:46:30+00:00","breadcrumb":{"@id":"https:\/\/www.grupfruiter.com\/producte\/mistela-75cl\/#breadcrumb"},"inLanguage":"es","potentialAction":[{"@type":"ReadAction","target":["https:\/\/www.grupfruiter.com\/producte\/mistela-75cl\/"]}]},{"@type":"ImageObject","inLanguage":"es","@id":"https:\/\/www.grupfruiter.com\/producte\/mistela-75cl\/#primaryimage","url":"https:\/\/www.grupfruiter.com\/wp-content\/uploads\/2025\/02\/IMG_20251205_131600-2.jpg","contentUrl":"https:\/\/www.grupfruiter.com\/wp-content\/uploads\/2025\/02\/IMG_20251205_131600-2.jpg","width":1187,"height":1200,"caption":"Mistela"},{"@type":"BreadcrumbList","@id":"https:\/\/www.grupfruiter.com\/producte\/mistela-75cl\/#breadcrumb","itemListElement":[{"@type":"ListItem","position":1,"name":"Inici","item":"https:\/\/www.grupfruiter.com\/"},{"@type":"ListItem","position":2,"name":"Botiga","item":"https:\/\/www.grupfruiter.com\/botiga\/"},{"@type":"ListItem","position":3,"name":"Mistela (75cl)"}]},{"@type":"WebSite","@id":"https:\/\/www.grupfruiter.com\/#website","url":"https:\/\/www.grupfruiter.com\/","name":"Grup Fruiter Benissanet","description":"Producci\u00f3n de fruta dulce","potentialAction":[{"@type":"SearchAction","target":{"@type":"EntryPoint","urlTemplate":"https:\/\/www.grupfruiter.com\/?s={search_term_string}"},"query-input":{"@type":"PropertyValueSpecification","valueRequired":true,"valueName":"search_term_string"}}],"inLanguage":"es"}]}},"_links":{"self":[{"href":"https:\/\/www.grupfruiter.com\/es\/wp-json\/wp\/v2\/product\/1118","targetHints":{"allow":["GET"]}}],"collection":[{"href":"https:\/\/www.grupfruiter.com\/es\/wp-json\/wp\/v2\/product"}],"about":[{"href":"https:\/\/www.grupfruiter.com\/es\/wp-json\/wp\/v2\/types\/product"}],"wp:featuredmedia":[{"embeddable":true,"href":"https:\/\/www.grupfruiter.com\/es\/wp-json\/wp\/v2\/media\/1758"}],"wp:attachment":[{"href":"https:\/\/www.grupfruiter.com\/es\/wp-json\/wp\/v2\/media?parent=1118"}],"wp:term":[{"taxonomy":"product_brand","embeddable":true,"href":"https:\/\/www.grupfruiter.com\/es\/wp-json\/wp\/v2\/product_brand?post=1118"},{"taxonomy":"product_cat","embeddable":true,"href":"https:\/\/www.grupfruiter.com\/es\/wp-json\/wp\/v2\/product_cat?post=1118"},{"taxonomy":"product_tag","embeddable":true,"href":"https:\/\/www.grupfruiter.com\/es\/wp-json\/wp\/v2\/product_tag?post=1118"}],"curies":[{"name":"wp","href":"https:\/\/api.w.org\/{rel}","templated":true}]}}