{"id":793,"date":"2025-02-03T13:56:24","date_gmt":"2025-02-03T12:56:24","guid":{"rendered":"https:\/\/www.grupfruiter.com\/?post_type=product&#038;p=793"},"modified":"2026-01-09T14:50:38","modified_gmt":"2026-01-09T13:50:38","slug":"ennis-negro-75cl","status":"publish","type":"product","link":"https:\/\/www.grupfruiter.com\/es\/producte\/ennis-negre-75cl\/","title":{"rendered":"Ennis negro (75cl)"},"content":{"rendered":"","protected":false},"excerpt":{"rendered":"<p><strong>BODEGA<br \/>\n<\/strong>GRUP FRUITER<br \/>\n<strong>DO<br \/>\n<\/strong>Tarragona<br \/>\n<strong>VARIEDAD<br \/>\n<\/strong>Syrah, Cabernet Sauvignon y Garnacha negra.<br \/>\n<strong>VI\u00d1A<br \/>\n<\/strong>Vi\u00f1as de unos 30 \u2013 40 a\u00f1os. Una parte del lado del r\u00edo, otros de la parte m\u00e1s seca del territorio.<br \/>\n<strong>ELABORACI\u00d3N<br \/>\n<\/strong>Una fermentaci\u00f3n a temperatura controlada, una maceraci\u00f3n corta y adecuada a la maduraci\u00f3n de la piel de la uva.<\/p>\n<hr \/>\n<p><strong>CATA<\/strong><\/p>\n<p><strong>VISTA<\/strong><br \/>\nDe color rojo oscuro con el ribete rojo m\u00e1s claro.<br \/>\n<strong>AROMA<br \/>\n<\/strong>Una aroma de fruta roja fresca con toques c\u00edtricos y especiados.<br \/>\n<strong>GUSTO<br \/>\n<\/strong>Una entrada f\u00e1cil y en boca ligera.<\/p>","protected":false},"featured_media":1746,"template":"","meta":{"_et_pb_use_builder":"","_et_pb_old_content":"","_et_gb_content_width":""},"product_brand":[],"product_cat":[25,47,29],"product_tag":[],"class_list":{"0":"post-793","1":"product","2":"type-product","3":"status-publish","4":"has-post-thumbnail","6":"product_cat-celler","7":"product_cat-vi-negre","8":"product_cat-vins","10":"first","11":"instock","12":"taxable","13":"shipping-taxable","14":"purchasable","15":"product-type-simple"},"yoast_head":"<!-- This site is optimized with the Yoast SEO plugin v27.1.1 - https:\/\/yoast.com\/product\/yoast-seo-wordpress\/ -->\n<title>Ennis negre (75cl) - Grup Fruiter Benissanet<\/title>\n<meta name=\"robots\" content=\"index, follow, max-snippet:-1, max-image-preview:large, max-video-preview:-1\" \/>\n<link rel=\"canonical\" href=\"https:\/\/www.grupfruiter.com\/es\/producto\/ennis-negro-75cl\/\" \/>\n<meta property=\"og:locale\" content=\"es_ES\" \/>\n<meta property=\"og:type\" content=\"article\" \/>\n<meta property=\"og:title\" content=\"Ennis negre (75cl) - Grup Fruiter Benissanet\" \/>\n<meta property=\"og:description\" content=\"CELLER GRUP FRUITER D.O Tarragona VARIETAT Syrah, Cabernet Sauvignon i Garnatxa negra. VINYA Vinyes d\u2019uns 30 - 40 anys. Una part del costat del riu, altres de la part m\u00e9s secana del terme. ELABORACI\u00d3 Una fermentaci\u00f3 a temperatura controlada, una maceraci\u00f3 curta i adequada a la maduraci\u00f3 de la pell del ra\u00efm.    TAST  VISTA De color vermell fosc amb el ribet vermell m\u00e9s clar. AROMA Una aroma de fruita vermella fresca amb tocs citrics i especiats. GUST Una entrada f\u00e1cil un pas de boca lleugera.\" \/>\n<meta property=\"og:url\" content=\"https:\/\/www.grupfruiter.com\/es\/producto\/ennis-negro-75cl\/\" \/>\n<meta property=\"og:site_name\" content=\"Grup Fruiter Benissanet\" \/>\n<meta property=\"article:modified_time\" content=\"2026-01-09T13:50:38+00:00\" \/>\n<meta property=\"og:image\" content=\"https:\/\/www.grupfruiter.com\/wp-content\/uploads\/2025\/02\/IMG_20251205_131847-3.jpg\" \/>\n\t<meta property=\"og:image:width\" content=\"1200\" \/>\n\t<meta property=\"og:image:height\" content=\"1200\" \/>\n\t<meta property=\"og:image:type\" content=\"image\/jpeg\" \/>\n<meta name=\"twitter:card\" content=\"summary_large_image\" \/>\n<meta name=\"twitter:label1\" content=\"Tiempo de lectura\" \/>\n\t<meta name=\"twitter:data1\" content=\"1 minuto\" \/>\n<script type=\"application\/ld+json\" class=\"yoast-schema-graph\">{\"@context\":\"https:\/\/schema.org\",\"@graph\":[{\"@type\":\"WebPage\",\"@id\":\"https:\/\/www.grupfruiter.com\/producte\/ennis-negre-75cl\/\",\"url\":\"https:\/\/www.grupfruiter.com\/producte\/ennis-negre-75cl\/\",\"name\":\"Ennis negre (75cl) - Grup Fruiter Benissanet\",\"isPartOf\":{\"@id\":\"https:\/\/www.grupfruiter.com\/#website\"},\"primaryImageOfPage\":{\"@id\":\"https:\/\/www.grupfruiter.com\/producte\/ennis-negre-75cl\/#primaryimage\"},\"image\":{\"@id\":\"https:\/\/www.grupfruiter.com\/producte\/ennis-negre-75cl\/#primaryimage\"},\"thumbnailUrl\":\"https:\/\/www.grupfruiter.com\/wp-content\/uploads\/2025\/02\/IMG_20251205_131847-3.jpg\",\"datePublished\":\"2025-02-03T12:56:24+00:00\",\"dateModified\":\"2026-01-09T13:50:38+00:00\",\"breadcrumb\":{\"@id\":\"https:\/\/www.grupfruiter.com\/producte\/ennis-negre-75cl\/#breadcrumb\"},\"inLanguage\":\"es\",\"potentialAction\":[{\"@type\":\"ReadAction\",\"target\":[\"https:\/\/www.grupfruiter.com\/producte\/ennis-negre-75cl\/\"]}]},{\"@type\":\"ImageObject\",\"inLanguage\":\"es\",\"@id\":\"https:\/\/www.grupfruiter.com\/producte\/ennis-negre-75cl\/#primaryimage\",\"url\":\"https:\/\/www.grupfruiter.com\/wp-content\/uploads\/2025\/02\/IMG_20251205_131847-3.jpg\",\"contentUrl\":\"https:\/\/www.grupfruiter.com\/wp-content\/uploads\/2025\/02\/IMG_20251205_131847-3.jpg\",\"width\":1200,\"height\":1200,\"caption\":\"Ennis negre 1L\"},{\"@type\":\"BreadcrumbList\",\"@id\":\"https:\/\/www.grupfruiter.com\/producte\/ennis-negre-75cl\/#breadcrumb\",\"itemListElement\":[{\"@type\":\"ListItem\",\"position\":1,\"name\":\"Inici\",\"item\":\"https:\/\/www.grupfruiter.com\/\"},{\"@type\":\"ListItem\",\"position\":2,\"name\":\"Botiga\",\"item\":\"https:\/\/www.grupfruiter.com\/botiga\/\"},{\"@type\":\"ListItem\",\"position\":3,\"name\":\"Ennis negre (75cl)\"}]},{\"@type\":\"WebSite\",\"@id\":\"https:\/\/www.grupfruiter.com\/#website\",\"url\":\"https:\/\/www.grupfruiter.com\/\",\"name\":\"Grup Fruiter Benissanet\",\"description\":\"Producci\u00f3 de fruita dol\u00e7a\",\"potentialAction\":[{\"@type\":\"SearchAction\",\"target\":{\"@type\":\"EntryPoint\",\"urlTemplate\":\"https:\/\/www.grupfruiter.com\/?s={search_term_string}\"},\"query-input\":{\"@type\":\"PropertyValueSpecification\",\"valueRequired\":true,\"valueName\":\"search_term_string\"}}],\"inLanguage\":\"es\"}]}<\/script>\n<!-- \/ Yoast SEO plugin. -->","yoast_head_json":{"title":"Ennis negro (75cl) - Grupo Fruiter Benissanet","robots":{"index":"index","follow":"follow","max-snippet":"max-snippet:-1","max-image-preview":"max-image-preview:large","max-video-preview":"max-video-preview:-1"},"canonical":"https:\/\/www.grupfruiter.com\/es\/producto\/ennis-negro-75cl\/","og_locale":"es_ES","og_type":"article","og_title":"Ennis negre (75cl) - Grup Fruiter Benissanet","og_description":"CELLER GRUP FRUITER D.O Tarragona VARIETAT Syrah, Cabernet Sauvignon i Garnatxa negra. VINYA Vinyes d\u2019uns 30 - 40 anys. Una part del costat del riu, altres de la part m\u00e9s secana del terme. ELABORACI\u00d3 Una fermentaci\u00f3 a temperatura controlada, una maceraci\u00f3 curta i adequada a la maduraci\u00f3 de la pell del ra\u00efm.    TAST  VISTA De color vermell fosc amb el ribet vermell m\u00e9s clar. AROMA Una aroma de fruita vermella fresca amb tocs citrics i especiats. GUST Una entrada f\u00e1cil un pas de boca lleugera.","og_url":"https:\/\/www.grupfruiter.com\/es\/producto\/ennis-negro-75cl\/","og_site_name":"Grup Fruiter Benissanet","article_modified_time":"2026-01-09T13:50:38+00:00","og_image":[{"width":1200,"height":1200,"url":"https:\/\/www.grupfruiter.com\/wp-content\/uploads\/2025\/02\/IMG_20251205_131847-3.jpg","type":"image\/jpeg"}],"twitter_card":"summary_large_image","twitter_misc":{"Tiempo de lectura":"1 minuto"},"schema":{"@context":"https:\/\/schema.org","@graph":[{"@type":"WebPage","@id":"https:\/\/www.grupfruiter.com\/producte\/ennis-negre-75cl\/","url":"https:\/\/www.grupfruiter.com\/producte\/ennis-negre-75cl\/","name":"Ennis negro (75cl) - Grupo Fruiter Benissanet","isPartOf":{"@id":"https:\/\/www.grupfruiter.com\/#website"},"primaryImageOfPage":{"@id":"https:\/\/www.grupfruiter.com\/producte\/ennis-negre-75cl\/#primaryimage"},"image":{"@id":"https:\/\/www.grupfruiter.com\/producte\/ennis-negre-75cl\/#primaryimage"},"thumbnailUrl":"https:\/\/www.grupfruiter.com\/wp-content\/uploads\/2025\/02\/IMG_20251205_131847-3.jpg","datePublished":"2025-02-03T12:56:24+00:00","dateModified":"2026-01-09T13:50:38+00:00","breadcrumb":{"@id":"https:\/\/www.grupfruiter.com\/producte\/ennis-negre-75cl\/#breadcrumb"},"inLanguage":"es","potentialAction":[{"@type":"ReadAction","target":["https:\/\/www.grupfruiter.com\/producte\/ennis-negre-75cl\/"]}]},{"@type":"ImageObject","inLanguage":"es","@id":"https:\/\/www.grupfruiter.com\/producte\/ennis-negre-75cl\/#primaryimage","url":"https:\/\/www.grupfruiter.com\/wp-content\/uploads\/2025\/02\/IMG_20251205_131847-3.jpg","contentUrl":"https:\/\/www.grupfruiter.com\/wp-content\/uploads\/2025\/02\/IMG_20251205_131847-3.jpg","width":1200,"height":1200,"caption":"Ennis negre 1L"},{"@type":"BreadcrumbList","@id":"https:\/\/www.grupfruiter.com\/producte\/ennis-negre-75cl\/#breadcrumb","itemListElement":[{"@type":"ListItem","position":1,"name":"Inici","item":"https:\/\/www.grupfruiter.com\/"},{"@type":"ListItem","position":2,"name":"Botiga","item":"https:\/\/www.grupfruiter.com\/botiga\/"},{"@type":"ListItem","position":3,"name":"Ennis negre (75cl)"}]},{"@type":"WebSite","@id":"https:\/\/www.grupfruiter.com\/#website","url":"https:\/\/www.grupfruiter.com\/","name":"Grup Fruiter Benissanet","description":"Producci\u00f3n de fruta dulce","potentialAction":[{"@type":"SearchAction","target":{"@type":"EntryPoint","urlTemplate":"https:\/\/www.grupfruiter.com\/?s={search_term_string}"},"query-input":{"@type":"PropertyValueSpecification","valueRequired":true,"valueName":"search_term_string"}}],"inLanguage":"es"}]}},"_links":{"self":[{"href":"https:\/\/www.grupfruiter.com\/es\/wp-json\/wp\/v2\/product\/793","targetHints":{"allow":["GET"]}}],"collection":[{"href":"https:\/\/www.grupfruiter.com\/es\/wp-json\/wp\/v2\/product"}],"about":[{"href":"https:\/\/www.grupfruiter.com\/es\/wp-json\/wp\/v2\/types\/product"}],"wp:featuredmedia":[{"embeddable":true,"href":"https:\/\/www.grupfruiter.com\/es\/wp-json\/wp\/v2\/media\/1746"}],"wp:attachment":[{"href":"https:\/\/www.grupfruiter.com\/es\/wp-json\/wp\/v2\/media?parent=793"}],"wp:term":[{"taxonomy":"product_brand","embeddable":true,"href":"https:\/\/www.grupfruiter.com\/es\/wp-json\/wp\/v2\/product_brand?post=793"},{"taxonomy":"product_cat","embeddable":true,"href":"https:\/\/www.grupfruiter.com\/es\/wp-json\/wp\/v2\/product_cat?post=793"},{"taxonomy":"product_tag","embeddable":true,"href":"https:\/\/www.grupfruiter.com\/es\/wp-json\/wp\/v2\/product_tag?post=793"}],"curies":[{"name":"wp","href":"https:\/\/api.w.org\/{rel}","templated":true}]}}